{"id":5212,"date":"2021-08-25T07:26:28","date_gmt":"2021-08-25T07:26:28","guid":{"rendered":"http:\/\/dummy.xtemos.com\/woodmart2\/?page_id=5212"},"modified":"2026-02-17T21:22:25","modified_gmt":"2026-02-17T21:22:25","slug":"hakkimizda","status":"publish","type":"page","link":"https:\/\/tugrateks.com.tr\/ar\/hakkimizda\/","title":{"rendered":"\u0645\u0639\u0644\u0648\u0645\u0627\u062a \u0639\u0646\u0627"},"content":{"rendered":"<div class=\"wpb-content-wrapper\"><div class=\"vc_row wpb_row vc_row-fluid\"><div class=\"wpb_column vc_column_container vc_col-sm-12\"><div class=\"vc_column-inner\"><div class=\"wpb_wrapper\"><div class=\"vc_empty_space\"   style=\"height: 22px\"><span class=\"vc_empty_space_inner\"><\/span><\/div><\/div><\/div><\/div><\/div><div class=\"vc_row wpb_row vc_row-fluid vc_custom_1771363343370 vc_row-has-fill vc_row-o-content-middle vc_row-flex wd-rs-6994dbf536e71\"><div class=\"wpb_column vc_column_container vc_col-sm-12 vc_col-lg-4 vc_col-md-4 vc_col-xs-12 wd-rs-6125f2fa74bd9\"><div class=\"vc_column-inner vc_custom_1629876989711\"><div class=\"wpb_wrapper\">\n\t\t<div id=\"wd-6994db9775480\" class=\"title-wrapper wd-wpb wd-set-mb reset-last-child  wd-rs-6994db9775480 wd-title-color-primary wd-title-style-default text-left vc_custom_1771363286312 wd-width-enabled wd-underline-colored\" style=\"--wd-max-width: 90%;\">\n\t\t\t\n\t\t\t<div class=\"liner-continer\">\n\t\t\t\t<h4 class=\"woodmart-title-container title  wd-font-weight- wd-fontsize-xxl\" >\u0647\u062f\u0641 \u0634\u0631\u0643\u062a\u0646\u0627<\/h4>\n\t\t\t\t\t\t\t<\/div>\n\t\t\t\n\t\t\t\n\t\t\t\n\t\t<\/div>\n\t\t\n\t\t<\/div><\/div><\/div><div class=\"wpb_column vc_column_container vc_col-sm-6 vc_col-lg-offset-0 vc_col-lg-8 vc_col-md-4 wd-rs-6994dbf943f62\"><div class=\"vc_column-inner vc_custom_1771363325851\"><div class=\"wpb_wrapper\">\t\t\t<div class=\"info-box-wrapper\">\n\t\t\t\t<div id=\"wd-6994db300c823\" class=\"wd-rs-6994db300c823 wd-info-box wd-wpb text-left box-icon-align-left box-style- color-scheme- wd-bg-none wd-items-top vc_custom_1771363143165\">\n\t\t\t\t\t\t\t\t\t\t<div class=\"info-box-content\">\n\t\t\t\t\t\t\t\t\t\t\t\t<div class=\"info-box-inner reset-last-child\"><p>\u0627\u0644\u0647\u062f\u0641 \u0627\u0644\u0631\u0626\u064a\u0633\u064a \u0644\u0634\u0631\u0643\u062a\u0646\u0627 \u0647\u0648 \u0645\u062a\u0627\u0628\u0639\u0629 \u0642\u0637\u0627\u0639 \u0627\u0644\u0646\u0633\u064a\u062c \u0627\u0644\u062a\u0631\u0643\u064a \u0648\u0627\u0644\u0639\u0627\u0644\u0645\u064a \u0639\u0646 \u0643\u062b\u0628 \u0644\u0625\u0646\u062a\u0627\u062c \u0645\u0646\u062a\u062c\u0627\u062a \u0639\u0627\u0644\u064a\u0629 \u0627\u0644\u062c\u0648\u062f\u0629 \u0648\u0627\u0644\u0623\u0643\u062b\u0631 \u062a\u0642\u062f\u0645\u0627\u064b \u062a\u0643\u0646\u0648\u0644\u0648\u062c\u064a\u0627\u064b\u061b \u0648\u062a\u0633\u0648\u064a\u0642 \u0647\u0630\u0647 \u0627\u0644\u0645\u0646\u062a\u062c\u0627\u062a \u0645\u062d\u0644\u064a\u0627\u064b \u0648\u062f\u0648\u0644\u064a\u0627\u064b\u060c \u0648\u0645\u0648\u0627\u0635\u0644\u0629 \u0623\u0646\u0634\u0637\u062a\u0646\u0627 \u0641\u064a \u0647\u064a\u0643\u0644 \u0645\u062a\u0646\u0627\u0645\u064d \u0648\u0645\u062a\u0637\u0648\u0631 \u0628\u0627\u0633\u062a\u0645\u0631\u0627\u0631.<\/p>\n<\/div>\n\n\t\t\t\t\t\t\t\t\t\t\t<\/div>\n\n\t\t\t\t\t\t\t\t\t\t\t<a class=\"wd-info-box-link wd-fill\" aria-label=\"Infobox link\" href=\"#\" title=\"\"><\/a>\n\t\t\t\t\t\n\t\t\t\t\t<style><\/style>\t\t\t\t<\/div>\n\t\t\t<\/div>\n\t\t<\/div><\/div><\/div><\/div><div class=\"vc_row wpb_row vc_row-fluid\"><div class=\"wpb_column vc_column_container vc_col-sm-6\"><div class=\"vc_column-inner vc_custom_1615617895716\"><div class=\"wpb_wrapper\">\n\t\t<div id=\"wd-6994da8a0f9d7\" class=\"title-wrapper wd-wpb wd-set-mb reset-last-child  wd-rs-6994da8a0f9d7 wd-title-color-default wd-title-style-default text-left vc_custom_1771362957097 wd-underline-colored\">\n\t\t\t\n\t\t\t<div class=\"liner-continer\">\n\t\t\t\t<h4 class=\"woodmart-title-container title  wd-font-weight- wd-fontsize-l\" >\u0645\u0647\u0645\u062a\u0646\u0627<\/h4>\n\t\t\t\t\t\t\t<\/div>\n\t\t\t\n\t\t\t\n\t\t\t\n\t\t<\/div>\n\t\t\n\t\t\t\t<div id=\"wd-6994da8e805d8\" class=\"wd-text-block wd-wpb reset-last-child wd-rs-6994da8e805d8 text-left wd-width-custom wd-fontsize-s\">\n\t\t\t<p>\u0625\u0646\u062a\u0627\u062c \u0645\u0646\u062a\u062c\u0627\u062a \u0639\u0627\u0644\u064a\u0629 \u0627\u0644\u062c\u0648\u062f\u0629 \u0641\u064a \u0642\u0637\u0627\u0639 \u0627\u0644\u0646\u0633\u064a\u062c\u060c \u0648\u0627\u0644\u0633\u0639\u064a \u0644\u062a\u062d\u0642\u064a\u0642 \u0623\u0639\u0644\u0649 \u0645\u0633\u062a\u0648\u0649 \u0645\u0646 \u0631\u0636\u0627 \u0627\u0644\u0639\u0645\u0644\u0627\u0621\u060c \u0648\u062a\u0637\u0648\u064a\u0631 \u0648\u062a\u0642\u062f\u064a\u0645 \u062d\u0644\u0648\u0644 \u0642\u0627\u0626\u0645\u0629 \u0639\u0644\u0649 \u0627\u0644\u062a\u0643\u0646\u0648\u0644\u0648\u062c\u064a\u0627 \u0627\u0644\u0645\u062a\u0642\u062f\u0645\u0629.<\/p>\n\t\t<\/div>\n\t\t<\/div><\/div><\/div><div class=\"wpb_column vc_column_container vc_col-sm-6 wd-rs-6125f363cf509\"><div class=\"vc_column-inner vc_custom_1629877093976\"><div class=\"wpb_wrapper\">\n\t\t<div id=\"wd-6994da7f9a934\" class=\"title-wrapper wd-wpb wd-set-mb reset-last-child  wd-rs-6994da7f9a934 wd-title-color-default wd-title-style-default text-left vc_custom_1771362982047 wd-underline-colored\">\n\t\t\t\n\t\t\t<div class=\"liner-continer\">\n\t\t\t\t<h4 class=\"woodmart-title-container title  wd-font-weight- wd-fontsize-l\" >\u0631\u0624\u064a\u062a\u0646\u0627<\/h4>\n\t\t\t\t\t\t\t<\/div>\n\t\t\t\n\t\t\t\n\t\t\t\n\t\t<\/div>\n\t\t\n\t\t\t\t<div id=\"wd-6994dab0965e5\" class=\"wd-text-block wd-wpb reset-last-child wd-rs-6994dab0965e5 text-left wd-width-custom wd-fontsize-s\">\n\t\t\t<p>\u0623\u0646 \u0646\u0643\u0648\u0646 \u0634\u0631\u0643\u0629 \u0631\u0627\u0626\u062f\u0629 \u0641\u064a \u0645\u062c\u0627\u0644 \u0627\u0644\u0646\u0633\u064a\u062c \u0648\u0627\u0644\u0645\u0644\u0627\u0628\u0633 \u0627\u0644\u062c\u0627\u0647\u0632\u0629 \u0642\u0627\u0626\u0645\u0629 \u0639\u0644\u0649 \u0627\u0644\u0645\u0639\u0631\u0641\u0629 \u0648\u0627\u0644\u062e\u0628\u0631\u0629\u060c \u062a\u0642\u062f\u0645 \u062d\u0644\u0648\u0644\u0627\u064b \u0639\u0627\u0644\u064a\u0629 \u0627\u0644\u062c\u0648\u062f\u0629\u061b \u062a\u062a\u0637\u0648\u0631 \u0628\u0627\u0633\u062a\u0645\u0631\u0627\u0631\u060c \u0648\u062a\u062a\u0627\u0628\u0639 \u0627\u0644\u0627\u0628\u062a\u0643\u0627\u0631\u0627\u062a \u0639\u0646 \u0643\u062b\u0628\u060c \u0648\u062a\u0645\u062a\u0644\u0643 \u0628\u0646\u064a\u0629 \u062a\u062d\u062a\u064a\u0629 \u0645\u0647\u0646\u064a\u0629 \u0642\u0648\u064a\u0629.<\/p>\n<p>\u0641\u064a \u0627\u0644\u0645\u0627\u0636\u064a\u060c \u0642\u0645\u0646\u0627 \u0628\u062a\u0644\u0628\u064a\u0629 \u0627\u062d\u062a\u064a\u0627\u062c\u0627\u062a \u0627\u0644\u0639\u062f\u064a\u062f \u0645\u0646 \u0627\u0644\u0645\u0624\u0633\u0633\u0627\u062a \u0648\u0627\u0644\u0645\u0646\u0638\u0645\u0627\u062a \u0627\u0644\u0639\u0627\u0645\u0629 \u0645\u0646 \u0627\u0644\u0646\u0633\u064a\u062c \u0648\u0627\u0644\u0645\u0644\u0627\u0628\u0633 \u0627\u0644\u062c\u0627\u0647\u0632\u0629\u060c \u0648\u062a\u0642\u062f\u064a\u0645 \u0627\u0644\u062e\u062f\u0645\u0627\u062a \u0648\u0641\u0642\u0627\u064b \u0644\u0644\u0645\u0639\u0627\u064a\u064a\u0631 \u0627\u0644\u062a\u0643\u0646\u0648\u0644\u0648\u062c\u064a\u0629 \u0648\u0627\u0644\u062a\u0642\u0646\u064a\u0629 \u0627\u0644\u0645\u0637\u0644\u0648\u0628\u0629. \u0643\u0645\u0627 \u0642\u0645\u0646\u0627 \u0641\u064a \u0627\u0644\u0648\u0642\u062a \u0646\u0641\u0633\u0647 \u0628\u062a\u0644\u0628\u064a\u0629 \u0637\u0644\u0628\u0627\u062a \u0634\u0631\u0643\u0627\u062a \u0627\u0644\u0642\u0637\u0627\u0639 \u0627\u0644\u062e\u0627\u0635 \u0627\u0644\u0643\u0628\u064a\u0631\u0629 \u0648\u062a\u0646\u0641\u064a\u0630 \u0623\u0646\u0634\u0637\u0629 \u0627\u0644\u062a\u0635\u062f\u064a\u0631 \u0625\u0644\u0649 \u0627\u0644\u062e\u0627\u0631\u062c.<\/p>\n\t\t<\/div>\n\t\t<\/div><\/div><\/div><\/div>\n<\/div>","protected":false},"excerpt":{"rendered":"Firmam\u0131z\u0131n Amac\u0131 Firmam\u0131z\u0131n temel amac\u0131, T\u00fcrkiye ve d\u00fcnya tekstil sekt\u00f6r\u00fcn\u00fc yak\u0131ndan takip ederek en kaliteli ve en teknolojik \u00fcr\u00fcnleri \u00fcretmek;","protected":false},"author":1,"featured_media":0,"parent":0,"menu_order":0,"comment_status":"closed","ping_status":"closed","template":"","meta":{"footnotes":""},"class_list":["post-5212","page","type-page","status-publish","hentry"],"_links":{"self":[{"href":"https:\/\/tugrateks.com.tr\/ar\/wp-json\/wp\/v2\/pages\/5212","targetHints":{"allow":["GET"]}}],"collection":[{"href":"https:\/\/tugrateks.com.tr\/ar\/wp-json\/wp\/v2\/pages"}],"about":[{"href":"https:\/\/tugrateks.com.tr\/ar\/wp-json\/wp\/v2\/types\/page"}],"author":[{"embeddable":true,"href":"https:\/\/tugrateks.com.tr\/ar\/wp-json\/wp\/v2\/users\/1"}],"replies":[{"embeddable":true,"href":"https:\/\/tugrateks.com.tr\/ar\/wp-json\/wp\/v2\/comments?post=5212"}],"version-history":[{"count":9,"href":"https:\/\/tugrateks.com.tr\/ar\/wp-json\/wp\/v2\/pages\/5212\/revisions"}],"predecessor-version":[{"id":5571,"href":"https:\/\/tugrateks.com.tr\/ar\/wp-json\/wp\/v2\/pages\/5212\/revisions\/5571"}],"wp:attachment":[{"href":"https:\/\/tugrateks.com.tr\/ar\/wp-json\/wp\/v2\/media?parent=5212"}],"curies":[{"name":"wp","href":"https:\/\/api.w.org\/{rel}","templated":true}]}}