{"id":5327,"date":"2026-02-16T06:16:05","date_gmt":"2026-02-16T06:16:05","guid":{"rendered":"https:\/\/coral-hippopotamus-978874.hostingersite.com\/?page_id=5327"},"modified":"2026-02-20T12:44:34","modified_gmt":"2026-02-20T12:44:34","slug":"referanslarimiz","status":"publish","type":"page","link":"https:\/\/tugrateks.com.tr\/ar\/referanslarimiz\/","title":{"rendered":"\u0645\u0631\u0627\u062c\u0639\u0646\u0627"},"content":{"rendered":"<div class=\"wpb-content-wrapper\"><div class=\"vc_row wpb_row vc_row-fluid vc_custom_1771222814958 vc_column-gap-20 wd-rs-6992b71990f07\"><div class=\"wpb_column vc_column_container vc_col-sm-4 vc_col-has-fill wd-rs-6992b6b7a9872\"><div class=\"vc_column-inner vc_custom_1771222728099\"><div class=\"wpb_wrapper\">\t\t\t<div class=\"info-box-wrapper\">\n\t\t\t\t<div id=\"wd-6992b6a340f6a\" class=\"wd-rs-6992b6a340f6a wd-info-box wd-wpb text-center box-icon-align-top box-style- color-scheme- wd-bg-none\">\n\t\t\t\t\t\t\t\t\t\t\t<div class=\"box-icon-wrapper  box-with-icon box-icon-simple\">\n\t\t\t\t\t\t\t<div class=\"info-box-icon\">\n\n\t\t\t\t\t\t\t\n\t\t\t\t\t\t\t\t\t\t\t\t\t\t\t\t\t<img loading=\"lazy\" decoding=\"async\" width=\"200\" height=\"200\" src=\"https:\/\/tugrateks.com.tr\/wp-content\/uploads\/2026\/02\/dhmi-200x200.png\" class=\"attachment-200x200 size-200x200\" alt=\"\" srcset=\"https:\/\/tugrateks.com.tr\/wp-content\/uploads\/2026\/02\/dhmi-200x200.png 200w, https:\/\/tugrateks.com.tr\/wp-content\/uploads\/2026\/02\/dhmi-150x150.png 150w, https:\/\/tugrateks.com.tr\/wp-content\/uploads\/2026\/02\/dhmi.png 300w\" sizes=\"auto, (max-width: 200px) 100vw, 200px\" \/>\t\t\t\t\t\t\t\t\t\t\t\t\t\t\t\n\t\t\t\t\t\t\t<\/div>\n\t\t\t\t\t\t<\/div>\n\t\t\t\t\t\t\t\t\t\t<div class=\"info-box-content\">\n\t\t\t\t\t\t<h4 class=\"info-box-title title wd-font-weight-700 box-title-style-default wd-fontsize-m\">DHMI<\/h4>\t\t\t\t\t\t<div class=\"info-box-inner reset-last-child\"><p>\u0647\u064a\u0626\u0629 \u0645\u0637\u0627\u0631\u0627\u062a \u0627\u0644\u0648\u0644\u0627\u064a\u0629<\/p>\n<\/div>\n\n\t\t\t\t\t\t\t\t\t\t\t<\/div>\n\n\t\t\t\t\t\n\t\t\t\t\t\t\t\t\t<\/div>\n\t\t\t<\/div>\n\t\t<\/div><\/div><\/div><div class=\"wpb_column vc_column_container vc_col-sm-4 vc_col-has-fill wd-rs-6992b708608fa\"><div class=\"vc_column-inner vc_custom_1771222803286\"><div class=\"wpb_wrapper\">\t\t\t<div class=\"info-box-wrapper\">\n\t\t\t\t<div id=\"wd-69985510ade54\" class=\"wd-rs-69985510ade54 wd-info-box wd-wpb text-center box-icon-align-top box-style- color-scheme- wd-bg-none\">\n\t\t\t\t\t\t\t\t\t\t\t<div class=\"box-icon-wrapper  box-with-icon box-icon-simple\">\n\t\t\t\t\t\t\t<div class=\"info-box-icon\">\n\n\t\t\t\t\t\t\t\n\t\t\t\t\t\t\t\t\t\t\t\t\t\t\t\t\t<img loading=\"lazy\" decoding=\"async\" width=\"200\" height=\"200\" src=\"https:\/\/tugrateks.com.tr\/wp-content\/uploads\/2026\/02\/tsk-1-200x200.png\" class=\"attachment-200x200 size-200x200\" alt=\"\" srcset=\"https:\/\/tugrateks.com.tr\/wp-content\/uploads\/2026\/02\/tsk-1-200x200.png 200w, https:\/\/tugrateks.com.tr\/wp-content\/uploads\/2026\/02\/tsk-1-150x150.png 150w, https:\/\/tugrateks.com.tr\/wp-content\/uploads\/2026\/02\/tsk-1-12x12.png 12w, https:\/\/tugrateks.com.tr\/wp-content\/uploads\/2026\/02\/tsk-1.png 300w\" sizes=\"auto, (max-width: 200px) 100vw, 200px\" \/>\t\t\t\t\t\t\t\t\t\t\t\t\t\t\t\n\t\t\t\t\t\t\t<\/div>\n\t\t\t\t\t\t<\/div>\n\t\t\t\t\t\t\t\t\t\t<div class=\"info-box-content\">\n\t\t\t\t\t\t<h4 class=\"info-box-title title wd-font-weight-700 box-title-style-default wd-fontsize-m\">TSK<\/h4>\t\t\t\t\t\t<div class=\"info-box-inner reset-last-child\"><p>\u0627\u0644\u0642\u0648\u0627\u062a \u0627\u0644\u0645\u0633\u0644\u062d\u0629 \u0627\u0644\u062a\u0631\u0643\u064a\u0629<\/p>\n<\/div>\n\n\t\t\t\t\t\t\t\t\t\t\t<\/div>\n\n\t\t\t\t\t\n\t\t\t\t\t\t\t\t\t<\/div>\n\t\t\t<\/div>\n\t\t<\/div><\/div><\/div><div class=\"wpb_column vc_column_container vc_col-sm-4 vc_col-has-fill wd-rs-6992b759c6f1f\"><div class=\"vc_column-inner vc_custom_1771222885324\"><div class=\"wpb_wrapper\">\t\t\t<div class=\"info-box-wrapper\">\n\t\t\t\t<div id=\"wd-6992b72cab1c6\" class=\"wd-rs-6992b72cab1c6 wd-info-box wd-wpb text-center box-icon-align-top box-style- color-scheme- wd-bg-none\">\n\t\t\t\t\t\t\t\t\t\t\t<div class=\"box-icon-wrapper  box-with-icon box-icon-simple\">\n\t\t\t\t\t\t\t<div class=\"info-box-icon\">\n\n\t\t\t\t\t\t\t\n\t\t\t\t\t\t\t\t\t\t\t\t\t\t\t\t\t<div class=\"info-svg-wrapper\" style=\"width: 200px;height: 200px;\"><img decoding=\"async\"  src=\"https:\/\/tugrateks.com.tr\/wp-content\/uploads\/2026\/02\/egm.svg\" title=\"egm\" loading=\"lazy\" width=\"200\" height=\"200\"><\/div>\t\t\t\t\t\t\t\t\t\t\t\t\t\t\t\n\t\t\t\t\t\t\t<\/div>\n\t\t\t\t\t\t<\/div>\n\t\t\t\t\t\t\t\t\t\t<div class=\"info-box-content\">\n\t\t\t\t\t\t<h4 class=\"info-box-title title wd-font-weight-700 box-title-style-default wd-fontsize-m\">EGM<\/h4>\t\t\t\t\t\t<div class=\"info-box-inner reset-last-child\"><p>\u0627\u0644\u0645\u062f\u064a\u0631\u064a\u0629 \u0627\u0644\u0639\u0627\u0645\u0629 \u0644\u0644\u0623\u0645\u0646<\/p>\n<\/div>\n\n\t\t\t\t\t\t\t\t\t\t\t<\/div>\n\n\t\t\t\t\t\n\t\t\t\t\t\t\t\t\t<\/div>\n\t\t\t<\/div>\n\t\t<\/div><\/div><\/div><\/div><div class=\"vc_row wpb_row vc_row-fluid vc_custom_1771222814958 vc_column-gap-20 wd-rs-6992b71990f07\"><div class=\"wpb_column vc_column_container vc_col-sm-4 vc_col-has-fill wd-rs-6992b6b7a9872\"><div class=\"vc_column-inner vc_custom_1771222728099\"><div class=\"wpb_wrapper\">\t\t\t<div class=\"info-box-wrapper\">\n\t\t\t\t<div id=\"wd-6998563c8de14\" class=\"wd-rs-6998563c8de14 wd-info-box wd-wpb text-center box-icon-align-top box-style- color-scheme- wd-bg-none\">\n\t\t\t\t\t\t\t\t\t\t\t<div class=\"box-icon-wrapper  box-with-icon box-icon-simple\">\n\t\t\t\t\t\t\t<div class=\"info-box-icon\">\n\n\t\t\t\t\t\t\t\n\t\t\t\t\t\t\t\t\t\t\t\t\t\t\t\t\t<img loading=\"lazy\" decoding=\"async\" width=\"200\" height=\"200\" src=\"https:\/\/tugrateks.com.tr\/wp-content\/uploads\/2026\/02\/jandarma-200x200.png\" class=\"attachment-200x200 size-200x200\" alt=\"\" srcset=\"https:\/\/tugrateks.com.tr\/wp-content\/uploads\/2026\/02\/jandarma-200x200.png 200w, https:\/\/tugrateks.com.tr\/wp-content\/uploads\/2026\/02\/jandarma-150x150.png 150w, https:\/\/tugrateks.com.tr\/wp-content\/uploads\/2026\/02\/jandarma-12x12.png 12w, https:\/\/tugrateks.com.tr\/wp-content\/uploads\/2026\/02\/jandarma.png 300w\" sizes=\"auto, (max-width: 200px) 100vw, 200px\" \/>\t\t\t\t\t\t\t\t\t\t\t\t\t\t\t\n\t\t\t\t\t\t\t<\/div>\n\t\t\t\t\t\t<\/div>\n\t\t\t\t\t\t\t\t\t\t<div class=\"info-box-content\">\n\t\t\t\t\t\t<h4 class=\"info-box-title title wd-font-weight-700 box-title-style-default wd-fontsize-m\">\u0627\u0644\u062f\u0631\u0643<\/h4>\t\t\t\t\t\t<div class=\"info-box-inner reset-last-child\"><p>\u0627\u0644\u0642\u064a\u0627\u062f\u0629 \u0627\u0644\u0639\u0627\u0645\u0629 \u0644\u0642\u0648\u0627\u062a \u0627\u0644\u062f\u0631\u0643<\/p>\n<\/div>\n\n\t\t\t\t\t\t\t\t\t\t\t<\/div>\n\n\t\t\t\t\t\n\t\t\t\t\t\t\t\t\t<\/div>\n\t\t\t<\/div>\n\t\t<\/div><\/div><\/div><div class=\"wpb_column vc_column_container vc_col-sm-4 vc_col-has-fill wd-rs-6992b708608fa\"><div class=\"vc_column-inner vc_custom_1771222803286\"><div class=\"wpb_wrapper\">\t\t\t<div class=\"info-box-wrapper\">\n\t\t\t\t<div id=\"wd-6994dd9fe1ce5\" class=\"wd-rs-6994dd9fe1ce5 wd-info-box wd-wpb text-center box-icon-align-top box-style- color-scheme- wd-bg-none\">\n\t\t\t\t\t\t\t\t\t\t\t<div class=\"box-icon-wrapper  box-with-icon box-icon-simple\">\n\t\t\t\t\t\t\t<div class=\"info-box-icon\">\n\n\t\t\t\t\t\t\t\n\t\t\t\t\t\t\t\t\t\t\t\t\t\t\t\t\t<img loading=\"lazy\" decoding=\"async\" width=\"200\" height=\"200\" src=\"https:\/\/tugrateks.com.tr\/wp-content\/uploads\/2026\/02\/ssb-200x200.png\" class=\"attachment-200x200 size-200x200\" alt=\"\" srcset=\"https:\/\/tugrateks.com.tr\/wp-content\/uploads\/2026\/02\/ssb-200x200.png 200w, https:\/\/tugrateks.com.tr\/wp-content\/uploads\/2026\/02\/ssb-150x150.png 150w\" sizes=\"auto, (max-width: 200px) 100vw, 200px\" \/>\t\t\t\t\t\t\t\t\t\t\t\t\t\t\t\n\t\t\t\t\t\t\t<\/div>\n\t\t\t\t\t\t<\/div>\n\t\t\t\t\t\t\t\t\t\t<div class=\"info-box-content\">\n\t\t\t\t\t\t<h4 class=\"info-box-title title wd-font-weight-700 box-title-style-default wd-fontsize-m\">SSB<\/h4>\t\t\t\t\t\t<div class=\"info-box-inner reset-last-child\"><p>\u0648\u0643\u0627\u0644\u0629 \u0627\u0644\u0635\u0646\u0627\u0639\u0627\u062a \u0627\u0644\u062f\u0641\u0627\u0639\u064a\u0629<\/p>\n<\/div>\n\n\t\t\t\t\t\t\t\t\t\t\t<\/div>\n\n\t\t\t\t\t\n\t\t\t\t\t\t\t\t\t<\/div>\n\t\t\t<\/div>\n\t\t<\/div><\/div><\/div><div class=\"wpb_column vc_column_container vc_col-sm-4 vc_col-has-fill wd-rs-6992b759c6f1f\"><div class=\"vc_column-inner vc_custom_1771222885324\"><div class=\"wpb_wrapper\">\t\t\t<div class=\"info-box-wrapper\">\n\t\t\t\t<div id=\"wd-699856e0996fb\" class=\"wd-rs-699856e0996fb wd-info-box wd-wpb text-center box-icon-align-top box-style- color-scheme- wd-bg-none\">\n\t\t\t\t\t\t\t\t\t\t\t<div class=\"box-icon-wrapper  box-with-icon box-icon-simple\">\n\t\t\t\t\t\t\t<div class=\"info-box-icon\">\n\n\t\t\t\t\t\t\t\n\t\t\t\t\t\t\t\t\t\t\t\t\t\t\t\t\t<img loading=\"lazy\" decoding=\"async\" width=\"200\" height=\"200\" src=\"https:\/\/tugrateks.com.tr\/wp-content\/uploads\/2026\/02\/KKK-200x200.png\" class=\"attachment-200x200 size-200x200\" alt=\"\" srcset=\"https:\/\/tugrateks.com.tr\/wp-content\/uploads\/2026\/02\/KKK-200x200.png 200w, https:\/\/tugrateks.com.tr\/wp-content\/uploads\/2026\/02\/KKK-150x150.png 150w, https:\/\/tugrateks.com.tr\/wp-content\/uploads\/2026\/02\/KKK-12x12.png 12w, https:\/\/tugrateks.com.tr\/wp-content\/uploads\/2026\/02\/KKK.png 300w\" sizes=\"auto, (max-width: 200px) 100vw, 200px\" \/>\t\t\t\t\t\t\t\t\t\t\t\t\t\t\t\n\t\t\t\t\t\t\t<\/div>\n\t\t\t\t\t\t<\/div>\n\t\t\t\t\t\t\t\t\t\t<div class=\"info-box-content\">\n\t\t\t\t\t\t<h4 class=\"info-box-title title wd-font-weight-700 box-title-style-default wd-fontsize-m\">KKK<\/h4>\t\t\t\t\t\t<div class=\"info-box-inner reset-last-child\"><p>\u0642\u064a\u0627\u062f\u0629 \u0627\u0644\u0642\u0648\u0627\u062a \u0627\u0644\u0628\u0631\u064a\u0629<\/p>\n<\/div>\n\n\t\t\t\t\t\t\t\t\t\t\t<\/div>\n\n\t\t\t\t\t\n\t\t\t\t\t\t\t\t\t<\/div>\n\t\t\t<\/div>\n\t\t<\/div><\/div><\/div><\/div><div class=\"vc_row wpb_row vc_row-fluid vc_custom_1771222814958 vc_column-gap-20 wd-rs-6992b71990f07\"><div class=\"wpb_column vc_column_container vc_col-sm-4 vc_col-has-fill wd-rs-6992b6b7a9872\"><div class=\"vc_column-inner vc_custom_1771222728099\"><div class=\"wpb_wrapper\">\t\t\t<div class=\"info-box-wrapper\">\n\t\t\t\t<div id=\"wd-699857212e432\" class=\"wd-rs-699857212e432 wd-info-box wd-wpb text-center box-icon-align-top box-style- color-scheme- wd-bg-none\">\n\t\t\t\t\t\t\t\t\t\t\t<div class=\"box-icon-wrapper  box-with-icon box-icon-simple\">\n\t\t\t\t\t\t\t<div class=\"info-box-icon\">\n\n\t\t\t\t\t\t\t\n\t\t\t\t\t\t\t\t\t\t\t\t\t\t\t\t\t<img loading=\"lazy\" decoding=\"async\" width=\"200\" height=\"200\" src=\"https:\/\/tugrateks.com.tr\/wp-content\/uploads\/2026\/02\/havakuvvetleri-200x200.png\" class=\"attachment-200x200 size-200x200\" alt=\"\" srcset=\"https:\/\/tugrateks.com.tr\/wp-content\/uploads\/2026\/02\/havakuvvetleri-200x200.png 200w, https:\/\/tugrateks.com.tr\/wp-content\/uploads\/2026\/02\/havakuvvetleri-150x150.png 150w, https:\/\/tugrateks.com.tr\/wp-content\/uploads\/2026\/02\/havakuvvetleri-12x12.png 12w, https:\/\/tugrateks.com.tr\/wp-content\/uploads\/2026\/02\/havakuvvetleri.png 300w\" sizes=\"auto, (max-width: 200px) 100vw, 200px\" \/>\t\t\t\t\t\t\t\t\t\t\t\t\t\t\t\n\t\t\t\t\t\t\t<\/div>\n\t\t\t\t\t\t<\/div>\n\t\t\t\t\t\t\t\t\t\t<div class=\"info-box-content\">\n\t\t\t\t\t\t<h4 class=\"info-box-title title wd-font-weight-700 box-title-style-default wd-fontsize-m\">Hv. Kuv. K.<\/h4>\t\t\t\t\t\t<div class=\"info-box-inner reset-last-child\"><p>\u0642\u064a\u0627\u062f\u0629 \u0627\u0644\u0642\u0648\u0627\u062a \u0627\u0644\u062c\u0648\u064a\u0629<\/p>\n<\/div>\n\n\t\t\t\t\t\t\t\t\t\t\t<\/div>\n\n\t\t\t\t\t\n\t\t\t\t\t\t\t\t\t<\/div>\n\t\t\t<\/div>\n\t\t<\/div><\/div><\/div><div class=\"wpb_column vc_column_container vc_col-sm-4 vc_col-has-fill wd-rs-6992b708608fa\"><div class=\"vc_column-inner vc_custom_1771222803286\"><div class=\"wpb_wrapper\">\t\t\t<div class=\"info-box-wrapper\">\n\t\t\t\t<div id=\"wd-6994dee67189e\" class=\"wd-rs-6994dee67189e wd-info-box wd-wpb text-center box-icon-align-top box-style- color-scheme- wd-bg-none\">\n\t\t\t\t\t\t\t\t\t\t\t<div class=\"box-icon-wrapper  box-with-icon box-icon-simple\">\n\t\t\t\t\t\t\t<div class=\"info-box-icon\">\n\n\t\t\t\t\t\t\t\n\t\t\t\t\t\t\t\t\t\t\t\t\t\t\t\t\t<img loading=\"lazy\" decoding=\"async\" width=\"200\" height=\"200\" src=\"https:\/\/tugrateks.com.tr\/wp-content\/uploads\/2026\/02\/deniz-kuvvetler-200x200.png\" class=\"attachment-200x200 size-200x200\" alt=\"\" srcset=\"https:\/\/tugrateks.com.tr\/wp-content\/uploads\/2026\/02\/deniz-kuvvetler-200x200.png 200w, https:\/\/tugrateks.com.tr\/wp-content\/uploads\/2026\/02\/deniz-kuvvetler-150x150.png 150w\" sizes=\"auto, (max-width: 200px) 100vw, 200px\" \/>\t\t\t\t\t\t\t\t\t\t\t\t\t\t\t\n\t\t\t\t\t\t\t<\/div>\n\t\t\t\t\t\t<\/div>\n\t\t\t\t\t\t\t\t\t\t<div class=\"info-box-content\">\n\t\t\t\t\t\t<h4 class=\"info-box-title title wd-font-weight-700 box-title-style-default wd-fontsize-m\">Dz. Kuv. K.<\/h4>\t\t\t\t\t\t<div class=\"info-box-inner reset-last-child\"><p>\u0642\u064a\u0627\u062f\u0629 \u0627\u0644\u0642\u0648\u0627\u062a \u0627\u0644\u0628\u062d\u0631\u064a\u0629<\/p>\n<\/div>\n\n\t\t\t\t\t\t\t\t\t\t\t<\/div>\n\n\t\t\t\t\t\n\t\t\t\t\t\t\t\t\t<\/div>\n\t\t\t<\/div>\n\t\t<\/div><\/div><\/div><div class=\"wpb_column vc_column_container vc_col-sm-4 vc_col-has-fill wd-rs-6992b759c6f1f\"><div class=\"vc_column-inner vc_custom_1771222885324\"><div class=\"wpb_wrapper\">\t\t\t<div class=\"info-box-wrapper\">\n\t\t\t\t<div id=\"wd-6994e06183da4\" class=\"wd-rs-6994e06183da4 wd-info-box wd-wpb text-center box-icon-align-top box-style- color-scheme- wd-bg-none\">\n\t\t\t\t\t\t\t\t\t\t\t<div class=\"box-icon-wrapper  box-with-icon box-icon-simple\">\n\t\t\t\t\t\t\t<div class=\"info-box-icon\">\n\n\t\t\t\t\t\t\t\n\t\t\t\t\t\t\t\t\t\t\t\t\t\t\t\t\t<img loading=\"lazy\" decoding=\"async\" width=\"200\" height=\"200\" src=\"https:\/\/tugrateks.com.tr\/wp-content\/uploads\/2026\/02\/ozelharekat-200x200.png\" class=\"attachment-200x200 size-200x200\" alt=\"\" srcset=\"https:\/\/tugrateks.com.tr\/wp-content\/uploads\/2026\/02\/ozelharekat-200x200.png 200w, https:\/\/tugrateks.com.tr\/wp-content\/uploads\/2026\/02\/ozelharekat-150x150.png 150w\" sizes=\"auto, (max-width: 200px) 100vw, 200px\" \/>\t\t\t\t\t\t\t\t\t\t\t\t\t\t\t\n\t\t\t\t\t\t\t<\/div>\n\t\t\t\t\t\t<\/div>\n\t\t\t\t\t\t\t\t\t\t<div class=\"info-box-content\">\n\t\t\t\t\t\t<h4 class=\"info-box-title title wd-font-weight-700 box-title-style-default wd-fontsize-m\">EGM<\/h4>\t\t\t\t\t\t<div class=\"info-box-inner reset-last-child\"><p>\u0645\u062f\u064a\u0631\u064a\u0629 \u0627\u0644\u0639\u0645\u0644\u064a\u0627\u062a \u0627\u0644\u062e\u0627\u0635\u0629<\/p>\n<\/div>\n\n\t\t\t\t\t\t\t\t\t\t\t<\/div>\n\n\t\t\t\t\t\n\t\t\t\t\t\t\t\t\t<\/div>\n\t\t\t<\/div>\n\t\t<\/div><\/div><\/div><\/div>\n<\/div>","protected":false},"excerpt":{"rendered":"DHMI Devlet Hava Meydanlar\u0131 \u0130\u015fletmesi TSK T\u00fcrk Silahl\u0131 Kuvvetleri EGM Emniyet Genel M\u00fcd\u00fcrl\u00fc\u011f\u00fc Jandarma Jandarma Genel Komutanl\u0131\u011f\u0131 SSB Savunma Sanayi","protected":false},"author":1,"featured_media":0,"parent":0,"menu_order":0,"comment_status":"closed","ping_status":"closed","template":"","meta":{"footnotes":""},"class_list":["post-5327","page","type-page","status-publish","hentry"],"_links":{"self":[{"href":"https:\/\/tugrateks.com.tr\/ar\/wp-json\/wp\/v2\/pages\/5327","targetHints":{"allow":["GET"]}}],"collection":[{"href":"https:\/\/tugrateks.com.tr\/ar\/wp-json\/wp\/v2\/pages"}],"about":[{"href":"https:\/\/tugrateks.com.tr\/ar\/wp-json\/wp\/v2\/types\/page"}],"author":[{"embeddable":true,"href":"https:\/\/tugrateks.com.tr\/ar\/wp-json\/wp\/v2\/users\/1"}],"replies":[{"embeddable":true,"href":"https:\/\/tugrateks.com.tr\/ar\/wp-json\/wp\/v2\/comments?post=5327"}],"version-history":[{"count":23,"href":"https:\/\/tugrateks.com.tr\/ar\/wp-json\/wp\/v2\/pages\/5327\/revisions"}],"predecessor-version":[{"id":5613,"href":"https:\/\/tugrateks.com.tr\/ar\/wp-json\/wp\/v2\/pages\/5327\/revisions\/5613"}],"wp:attachment":[{"href":"https:\/\/tugrateks.com.tr\/ar\/wp-json\/wp\/v2\/media?parent=5327"}],"curies":[{"name":"wp","href":"https:\/\/api.w.org\/{rel}","templated":true}]}}