{"id":5591,"date":"2026-02-18T09:39:02","date_gmt":"2026-02-18T09:39:02","guid":{"rendered":"https:\/\/coral-hippopotamus-978874.hostingersite.com\/?page_id=5591"},"modified":"2026-02-18T09:40:25","modified_gmt":"2026-02-18T09:40:25","slug":"online-cevrimici-iletisim-aydinlatma-metni","status":"publish","type":"page","link":"https:\/\/tugrateks.com.tr\/ar\/online-cevrimici-iletisim-aydinlatma-metni\/","title":{"rendered":"Online \u00c7evrimi\u00e7i \u0130leti\u015fim Ayd\u0131nlatma Metni"},"content":{"rendered":"<div class=\"wpb-content-wrapper\"><div class=\"vc_row wpb_row vc_row-fluid\"><div class=\"wpb_column vc_column_container vc_col-sm-12\"><div class=\"vc_column-inner\"><div class=\"wpb_wrapper\">\n\t<div class=\"wpb_text_column wpb_content_element\" >\n\t\t<div class=\"wpb_wrapper\">\n\t\t\t<p><strong>WEB S\u0130TES\u0130 \u00c7evrimi\u00e7i \u0130leti\u015fim Ayd\u0131nlatma Metni<\/strong><\/p>\n<p>Sitemizi ziyaret etmi\u015f olan de\u011ferli ki\u015filer, \u201cVeri Sorumlusu\u201d, \u201cVeri \u0130\u015fleyen\u201d s\u0131fat\u0131na haiz olan <strong>TU\u011eRA TEKSTIL TUR.\u0130N\u015e.SAN.T\u0130C.LTD.\u015eTI.<\/strong> (Tu\u011fra Tekstil) olarak \u201cKi\u015fisel Verilerin Korunmas\u0131 Kanununun 10. maddesi do\u011frultusunda ilgili \u201cAyd\u0131nlatma Metni\u201d haz\u0131rlanm\u0131\u015ft\u0131r.<\/p>\n<p>Haiz oldu\u011fu bu s\u0131fat ile, ki\u015fisel bilgileri, yasal d\u00fczenlemelerde g\u00f6sterildi\u011fi \u00fczere toplayabilecek, kaydedebilecek, depolayabilecek, muhafaza edebilecek, g\u00fcncelleyebilecek ve mevzuat izin verdi\u011fi takdir ve \u00f6l\u00e7\u00fcs\u00fcnde, 3. ki\u015filere aktarabilecektir.<\/p>\n<p>Ki\u015fisel verileriniz sizlerden, <strong>web \u00fczerinden<\/strong>; eri\u015fim yetkilerinin y\u00fcr\u00fct\u00fclmesi, faaliyetlerin mevzuata uygun y\u00fcr\u00fct\u00fclmesi, firma \/ \u00fcr\u00fcn \/ hizmetlere ba\u011fl\u0131l\u0131k s\u00fcre\u00e7lerinin y\u00fcr\u00fct\u00fclmesi, hukuk i\u015flerinin takibi ve y\u00fcr\u00fct\u00fclmesi, ileti\u015fim faaliyetlerinin y\u00fcr\u00fct\u00fclmesi, i\u015f faaliyetlerinin y\u00fcr\u00fct\u00fclmesi \/ denetimi, i\u015f s\u00fcre\u00e7lerinin iyile\u015ftirilmesine y\u00f6nelik \u00f6nerilerin al\u0131nmas\u0131 ve de\u011ferlendirilmesi, mal \/ hizmet sat\u0131\u015f sonras\u0131 destek hizmetlerinin y\u00fcr\u00fct\u00fclmesi, m\u00fc\u015fteri ili\u015fkileri y\u00f6netimi s\u00fcre\u00e7lerinin y\u00fcr\u00fct\u00fclmesi, m\u00fc\u015fteri memnuniyetine y\u00f6nelik aktivitelerin y\u00fcr\u00fct\u00fclmesi, pazarlama analiz \u00e7al\u0131\u015fmalar\u0131n\u0131n y\u00fcr\u00fct\u00fclmesi, talep \/ \u015fikayetlerin takibi, y\u00f6netim faaliyetlerinin y\u00fcr\u00fct\u00fclmesi, <strong>ama\u00e7lar\u0131yla<\/strong> temin edilmekte 2 y\u0131l s\u00fcreyle ve mevzuat\u0131n \u00f6ng\u00f6rd\u00fc\u011f\u00fc s\u00fcrelere uygun olarak dijital ortamda g\u00fcvenli bir \u015fekilde saklan\u0131lmaktad\u0131r. S\u00f6z konusu ki\u015fisel verileriniz \u201cveri sorumlusunun hukuki y\u00fck\u00fcml\u00fcl\u00fc\u011f\u00fcn\u00fc yerine getirebilmesi i\u00e7in zorunlu olmas\u0131\u201d ve \u201cilgili ki\u015finin temel hak ve \u00f6zg\u00fcrl\u00fcklerine zarar vermemek kayd\u0131yla, veri sorumlusunun me\u015fru menfaatleri i\u00e7in veri i\u015flenmesinin zorunlu olmas\u0131\u201d hukuki sebeplerine dayanarak i\u015flenmektedir.<\/p>\n<p>Bu kapsamda i\u015flenen ki\u015fisel verileriniz ve kategorileri a\u015fa\u011f\u0131daki tabloda yer almaktad\u0131r.<a href=\"#_ftn1\" name=\"_ftnref1\">[1]<\/a><\/p>\n<p><strong>Veri Sorumlusu: <\/strong><strong>TU\u011eRA TEKSTIL TUR.\u0130N\u015e.SAN.T\u0130C.LTD.\u015eTI.\u00a0 <\/strong><\/p>\n<table width=\"604\">\n<tbody>\n<tr>\n<td width=\"482\"><strong>Al\u0131nan Veriler<\/strong><\/td>\n<td width=\"122\"><strong>Veri Kategorisi<\/strong><\/td>\n<\/tr>\n<tr>\n<td width=\"482\"><strong>Ad, Soyad<\/strong><\/td>\n<td width=\"122\">Kimlik<\/td>\n<\/tr>\n<tr>\n<td width=\"482\"><strong>Mail Adresi, Telefon No, <\/strong><\/td>\n<td width=\"122\">\u0130leti\u015fim<\/td>\n<\/tr>\n<\/tbody>\n<\/table>\n<p>&nbsp;<\/p>\n<p>KVKK m.11 uyar\u0131nca a\u015fa\u011f\u0131da belirtilmi\u015f olan haklar\u0131n\u0131za binaen taleplerinizi \u201cTu\u011fra Tekstil Ba\u015fvuru Formu\u2019nu\u201d doldurmak suretiyle info@tugrateks.com.tr adresi \u00fczerinden bize iletebilirsiniz. Taleplerinizi m\u00fcmk\u00fcn olan en k\u0131sa s\u00fcrede de\u011ferlendirecek ve en ge\u00e7 30 g\u00fcn i\u00e7inde \u00fccretsiz olarak sonu\u00e7land\u0131raca\u011f\u0131z.<\/p>\n<p>KVKK m.11 \u00e7er\u00e7evesinde s\u0131ralanm\u0131\u015f olan haklar\u0131n\u0131z;<\/p>\n<ul>\n<li>Ki\u015fisel verileri i\u015flenmi\u015fse buna ili\u015fkin bilgi talep etme,<\/li>\n<li>Ki\u015fisel verilerin i\u015flenme amac\u0131n\u0131 ve bunlar\u0131n amac\u0131na uygun kullan\u0131l\u0131p kullan\u0131lmad\u0131\u011f\u0131n\u0131 \u00f6\u011frenme,<\/li>\n<li>Yurt i\u00e7inde veya yurt d\u0131\u015f\u0131nda ki\u015fisel verilerin aktar\u0131ld\u0131\u011f\u0131 \u00fc\u00e7\u00fcnc\u00fc ki\u015fileri bilme,<\/li>\n<li>Ki\u015fisel verilerin eksik veya yanl\u0131\u015f i\u015flenmi\u015f olmas\u0131 halinde bunlar\u0131n d\u00fczeltilmesini isteme,<\/li>\n<li>\u015eartlar\u0131n olu\u015fmas\u0131 halinde, ki\u015fisel verilerin silinmesi veya yok edilmesi,<\/li>\n<li>7 nci maddede \u00f6ng\u00f6r\u00fclen \u015fartlar \u00e7er\u00e7evesinde ki\u015fisel verilerin silinmesini veya yok edilmesini isteme,<\/li>\n<li>(d) ve (e) bentleri uyar\u0131nca yap\u0131lan i\u015flemlerin, ki\u015fisel verilerin aktar\u0131ld\u0131\u011f\u0131 \u00fc\u00e7\u00fcnc\u00fc ki\u015filere bildirilmesini isteme,<\/li>\n<li>\u0130\u015flenen verilerin m\u00fcnhas\u0131ran otomatik sistemler vas\u0131tas\u0131yla analiz edilmesi suretiyle ki\u015finin kendisi aleyhine bir sonucun ortaya \u00e7\u0131kmas\u0131na itiraz etme,<\/li>\n<li>Ki\u015fisel verilerin kanuna ayk\u0131r\u0131 olarak i\u015flenmesi sebebiyle zarara u\u011framas\u0131 h\u00e2linde zarar\u0131n giderilmesini talep etme,<\/li>\n<\/ul>\n<p>&nbsp;<\/p>\n<p><a href=\"#_ftnref1\" name=\"_ftn1\">[1]<\/a> Ki\u015fisel bilgilerinizde herhangi bir de\u011fi\u015fiklik oldu\u011funda, bize bildirmedi\u011finiz takdirde en son bilgileriniz esas al\u0131nacakt\u0131r.<\/p>\n\n\t\t<\/div>\n\t<\/div>\n<\/div><\/div><\/div><\/div>\n<\/div>","protected":false},"excerpt":{"rendered":"WEB S\u0130TES\u0130 \u00c7evrimi\u00e7i \u0130leti\u015fim Ayd\u0131nlatma Metni Sitemizi ziyaret etmi\u015f olan de\u011ferli ki\u015filer, \u201cVeri Sorumlusu\u201d, \u201cVeri \u0130\u015fleyen\u201d s\u0131fat\u0131na haiz olan TU\u011eRA","protected":false},"author":1,"featured_media":0,"parent":0,"menu_order":0,"comment_status":"closed","ping_status":"closed","template":"","meta":{"footnotes":""},"class_list":["post-5591","page","type-page","status-publish","hentry"],"_links":{"self":[{"href":"https:\/\/tugrateks.com.tr\/ar\/wp-json\/wp\/v2\/pages\/5591","targetHints":{"allow":["GET"]}}],"collection":[{"href":"https:\/\/tugrateks.com.tr\/ar\/wp-json\/wp\/v2\/pages"}],"about":[{"href":"https:\/\/tugrateks.com.tr\/ar\/wp-json\/wp\/v2\/types\/page"}],"author":[{"embeddable":true,"href":"https:\/\/tugrateks.com.tr\/ar\/wp-json\/wp\/v2\/users\/1"}],"replies":[{"embeddable":true,"href":"https:\/\/tugrateks.com.tr\/ar\/wp-json\/wp\/v2\/comments?post=5591"}],"version-history":[{"count":3,"href":"https:\/\/tugrateks.com.tr\/ar\/wp-json\/wp\/v2\/pages\/5591\/revisions"}],"predecessor-version":[{"id":5594,"href":"https:\/\/tugrateks.com.tr\/ar\/wp-json\/wp\/v2\/pages\/5591\/revisions\/5594"}],"wp:attachment":[{"href":"https:\/\/tugrateks.com.tr\/ar\/wp-json\/wp\/v2\/media?parent=5591"}],"curies":[{"name":"wp","href":"https:\/\/api.w.org\/{rel}","templated":true}]}}