{"id":5439,"date":"2026-02-16T13:10:14","date_gmt":"2026-02-16T13:10:14","guid":{"rendered":"https:\/\/coral-hippopotamus-978874.hostingersite.com\/?post_type=product&#038;p=5439"},"modified":"2026-02-16T13:11:24","modified_gmt":"2026-02-16T13:11:24","slug":"polis-parkasi","status":"publish","type":"product","link":"https:\/\/tugrateks.com.tr\/ar\/product\/polis-parkasi\/","title":{"rendered":"POLI\u0307S PARKASI"},"content":{"rendered":"<p>\u00dcr\u00fcn detay a\u00e7\u0131klamas\u0131 bu alana eklenecek.<\/p>","protected":false},"excerpt":{"rendered":"<p>\u00dcr\u00fcn K\u0131sa a\u00e7\u0131klamas\u0131 bu alana eklenecek.<\/p>","protected":false},"featured_media":5440,"comment_status":"closed","ping_status":"closed","template":"","meta":[],"product_brand":[],"product_cat":[58],"product_tag":[],"class_list":{"0":"post-5439","1":"product","2":"type-product","3":"status-publish","4":"has-post-thumbnail","6":"product_cat-polis","8":"first","9":"instock","10":"shipping-taxable","11":"product-type-simple"},"_links":{"self":[{"href":"https:\/\/tugrateks.com.tr\/ar\/wp-json\/wp\/v2\/product\/5439","targetHints":{"allow":["GET"]}}],"collection":[{"href":"https:\/\/tugrateks.com.tr\/ar\/wp-json\/wp\/v2\/product"}],"about":[{"href":"https:\/\/tugrateks.com.tr\/ar\/wp-json\/wp\/v2\/types\/product"}],"replies":[{"embeddable":true,"href":"https:\/\/tugrateks.com.tr\/ar\/wp-json\/wp\/v2\/comments?post=5439"}],"wp:featuredmedia":[{"embeddable":true,"href":"https:\/\/tugrateks.com.tr\/ar\/wp-json\/wp\/v2\/media\/5440"}],"wp:attachment":[{"href":"https:\/\/tugrateks.com.tr\/ar\/wp-json\/wp\/v2\/media?parent=5439"}],"wp:term":[{"taxonomy":"product_brand","embeddable":true,"href":"https:\/\/tugrateks.com.tr\/ar\/wp-json\/wp\/v2\/product_brand?post=5439"},{"taxonomy":"product_cat","embeddable":true,"href":"https:\/\/tugrateks.com.tr\/ar\/wp-json\/wp\/v2\/product_cat?post=5439"},{"taxonomy":"product_tag","embeddable":true,"href":"https:\/\/tugrateks.com.tr\/ar\/wp-json\/wp\/v2\/product_tag?post=5439"}],"curies":[{"name":"wp","href":"https:\/\/api.w.org\/{rel}","templated":true}]}}