{"id":5614,"date":"2026-02-26T09:24:40","date_gmt":"2026-02-26T09:24:40","guid":{"rendered":"https:\/\/tugrateks.com.tr\/?post_type=product&#038;p=5614"},"modified":"2026-04-27T10:24:47","modified_gmt":"2026-04-27T10:24:47","slug":"2-kisilik-soguk-iklim-cadir","status":"publish","type":"product","link":"https:\/\/tugrateks.com.tr\/ar\/product\/2-kisilik-soguk-iklim-cadir\/","title":{"rendered":"\u062e\u064a\u0645\u0629 \u0644\u0634\u062e\u0635\u064a\u0646 \u0644\u0644\u0637\u0642\u0633 \u0627\u0644\u0628\u0627\u0631\u062f"},"content":{"rendered":"","protected":false},"excerpt":{"rendered":"<p>2 ki\u015filik hafif k\u0131\u015fl\u0131k So\u011fuk \u0130klim \u00c7ad\u0131r, al\u00fcminyum ala\u015f\u0131m polleri ve y\u00fcksek mukamevetli kuma\u015f\u0131 ile so\u011fuk, ya\u011fmurlu hava ve f\u0131rt\u0131na ko\u015fullar\u0131nda kullan\u0131ma uygundur.<\/p>\n<p>Taban su ge\u00e7irmezli\u011fi 10.000 mm ve d\u0131\u015f tente kuma\u015f\u0131 ise y\u00fcksek su iticili ve 5.000 mm su ge\u00e7irmezdir. \u0130ki ki\u015finin kullan\u0131m\u0131na uygun olup hafifli\u011fi ile \u00f6n plana \u00e7\u0131kmaktad\u0131r.<\/p>","protected":false},"featured_media":5619,"comment_status":"closed","ping_status":"closed","template":"","meta":[],"product_brand":[],"product_cat":[76],"product_tag":[],"class_list":{"0":"post-5614","1":"product","2":"type-product","3":"status-publish","4":"has-post-thumbnail","6":"product_cat-cadir","8":"first","9":"instock","10":"shipping-taxable","11":"product-type-simple"},"_links":{"self":[{"href":"https:\/\/tugrateks.com.tr\/ar\/wp-json\/wp\/v2\/product\/5614","targetHints":{"allow":["GET"]}}],"collection":[{"href":"https:\/\/tugrateks.com.tr\/ar\/wp-json\/wp\/v2\/product"}],"about":[{"href":"https:\/\/tugrateks.com.tr\/ar\/wp-json\/wp\/v2\/types\/product"}],"replies":[{"embeddable":true,"href":"https:\/\/tugrateks.com.tr\/ar\/wp-json\/wp\/v2\/comments?post=5614"}],"wp:featuredmedia":[{"embeddable":true,"href":"https:\/\/tugrateks.com.tr\/ar\/wp-json\/wp\/v2\/media\/5619"}],"wp:attachment":[{"href":"https:\/\/tugrateks.com.tr\/ar\/wp-json\/wp\/v2\/media?parent=5614"}],"wp:term":[{"taxonomy":"product_brand","embeddable":true,"href":"https:\/\/tugrateks.com.tr\/ar\/wp-json\/wp\/v2\/product_brand?post=5614"},{"taxonomy":"product_cat","embeddable":true,"href":"https:\/\/tugrateks.com.tr\/ar\/wp-json\/wp\/v2\/product_cat?post=5614"},{"taxonomy":"product_tag","embeddable":true,"href":"https:\/\/tugrateks.com.tr\/ar\/wp-json\/wp\/v2\/product_tag?post=5614"}],"curies":[{"name":"wp","href":"https:\/\/api.w.org\/{rel}","templated":true}]}}