{"id":5620,"date":"2026-02-26T09:26:52","date_gmt":"2026-02-26T09:26:52","guid":{"rendered":"https:\/\/tugrateks.com.tr\/?post_type=product&#038;p=5620"},"modified":"2026-02-26T09:39:14","modified_gmt":"2026-02-26T09:39:14","slug":"3-4-kisilik-soguk-iklim-baton-cadir","status":"publish","type":"product","link":"https:\/\/tugrateks.com.tr\/ar\/product\/3-4-kisilik-soguk-iklim-baton-cadir\/","title":{"rendered":"\u062e\u064a\u0645\u0629 \u0644\u0644\u0645\u0634\u064a \u0644\u0645\u0633\u0627\u0641\u0627\u062a \u0637\u0648\u064a\u0644\u0629 \u062a\u062a\u0633\u0639 \u0644\u0640 3-4 \u0623\u0634\u062e\u0627\u0635 \u0641\u064a \u0627\u0644\u0645\u0646\u0627\u062e \u0627\u0644\u0628\u0627\u0631\u062f"},"content":{"rendered":"","protected":false},"excerpt":{"rendered":"<p>So\u011fuk \u0130klim \u00c7ad\u0131r, 3-4 ki\u015filik kullanma sahip \u00e7ift bagajl\u0131 4 mevsim kullan\u0131ma uygundur.\u00a0\u00a0Aluminyum ala\u015f\u0131m polleri sayesinde, f\u0131rt\u0131na mukavemeti y\u00fcksek olan \u00e7ad\u0131r, \u00e7ift bagajl\u0131 olmas\u0131 sebebi ile depolama ve f\u0131rt\u0131nada kullan\u0131m avantaj\u0131 sa\u011flamaktad\u0131r. D\u0131\u015f tente su ge\u00e7irmezli\u011fi 5000 mm olup ayn\u0131 zamanda y\u00fcksek bir su iticili\u011fe sahiptir. Taban kuma\u015f\u0131 ise 10.000 mm su ge\u00e7irmez ve y\u00fcksek mukavemetlidir.<\/p>","protected":false},"featured_media":5627,"comment_status":"closed","ping_status":"closed","template":"","meta":[],"product_brand":[],"product_cat":[76],"product_tag":[],"class_list":{"0":"post-5620","1":"product","2":"type-product","3":"status-publish","4":"has-post-thumbnail","6":"product_cat-cadir","8":"first","9":"instock","10":"shipping-taxable","11":"product-type-simple"},"_links":{"self":[{"href":"https:\/\/tugrateks.com.tr\/ar\/wp-json\/wp\/v2\/product\/5620","targetHints":{"allow":["GET"]}}],"collection":[{"href":"https:\/\/tugrateks.com.tr\/ar\/wp-json\/wp\/v2\/product"}],"about":[{"href":"https:\/\/tugrateks.com.tr\/ar\/wp-json\/wp\/v2\/types\/product"}],"replies":[{"embeddable":true,"href":"https:\/\/tugrateks.com.tr\/ar\/wp-json\/wp\/v2\/comments?post=5620"}],"wp:featuredmedia":[{"embeddable":true,"href":"https:\/\/tugrateks.com.tr\/ar\/wp-json\/wp\/v2\/media\/5627"}],"wp:attachment":[{"href":"https:\/\/tugrateks.com.tr\/ar\/wp-json\/wp\/v2\/media?parent=5620"}],"wp:term":[{"taxonomy":"product_brand","embeddable":true,"href":"https:\/\/tugrateks.com.tr\/ar\/wp-json\/wp\/v2\/product_brand?post=5620"},{"taxonomy":"product_cat","embeddable":true,"href":"https:\/\/tugrateks.com.tr\/ar\/wp-json\/wp\/v2\/product_cat?post=5620"},{"taxonomy":"product_tag","embeddable":true,"href":"https:\/\/tugrateks.com.tr\/ar\/wp-json\/wp\/v2\/product_tag?post=5620"}],"curies":[{"name":"wp","href":"https:\/\/api.w.org\/{rel}","templated":true}]}}