{"id":5628,"date":"2026-02-26T09:27:57","date_gmt":"2026-02-26T09:27:57","guid":{"rendered":"https:\/\/tugrateks.com.tr\/?post_type=product&#038;p=5628"},"modified":"2026-02-26T09:42:21","modified_gmt":"2026-02-26T09:42:21","slug":"kampet","status":"publish","type":"product","link":"https:\/\/tugrateks.com.tr\/ar\/product\/kampet\/","title":{"rendered":"KAMPET"},"content":{"rendered":"","protected":false},"excerpt":{"rendered":"<p>Olduk\u00e7a hafif, kolay katlan\u0131p a\u00e7\u0131lan ve s\u0131rt ask\u0131l\u0131 ta\u015f\u0131ma \u00e7antas\u0131 ile rahatl\u0131kla ta\u015f\u0131nabilen kampet, ergonomik yap\u0131s\u0131 ile olduk\u00e7a rahatt\u0131r. \u0130ster k\u0131sa s\u00fcreli gecelemeler, istenirse de uzun s\u00fcreli kullan\u0131mlar i\u00e7in idealdir. H\u0131zl\u0131 ve kolay montaj\u0131 ile her ko\u015fulda kullan\u0131labilir.<\/p>\n<p>Talep \u00fczerine Cordura ile \u00fcretilmektedir.<\/p>","protected":false},"featured_media":5629,"comment_status":"closed","ping_status":"closed","template":"","meta":[],"product_brand":[],"product_cat":[77],"product_tag":[],"class_list":{"0":"post-5628","1":"product","2":"type-product","3":"status-publish","4":"has-post-thumbnail","6":"product_cat-kampet","8":"first","9":"instock","10":"shipping-taxable","11":"product-type-simple"},"_links":{"self":[{"href":"https:\/\/tugrateks.com.tr\/ar\/wp-json\/wp\/v2\/product\/5628","targetHints":{"allow":["GET"]}}],"collection":[{"href":"https:\/\/tugrateks.com.tr\/ar\/wp-json\/wp\/v2\/product"}],"about":[{"href":"https:\/\/tugrateks.com.tr\/ar\/wp-json\/wp\/v2\/types\/product"}],"replies":[{"embeddable":true,"href":"https:\/\/tugrateks.com.tr\/ar\/wp-json\/wp\/v2\/comments?post=5628"}],"wp:featuredmedia":[{"embeddable":true,"href":"https:\/\/tugrateks.com.tr\/ar\/wp-json\/wp\/v2\/media\/5629"}],"wp:attachment":[{"href":"https:\/\/tugrateks.com.tr\/ar\/wp-json\/wp\/v2\/media?parent=5628"}],"wp:term":[{"taxonomy":"product_brand","embeddable":true,"href":"https:\/\/tugrateks.com.tr\/ar\/wp-json\/wp\/v2\/product_brand?post=5628"},{"taxonomy":"product_cat","embeddable":true,"href":"https:\/\/tugrateks.com.tr\/ar\/wp-json\/wp\/v2\/product_cat?post=5628"},{"taxonomy":"product_tag","embeddable":true,"href":"https:\/\/tugrateks.com.tr\/ar\/wp-json\/wp\/v2\/product_tag?post=5628"}],"curies":[{"name":"wp","href":"https:\/\/api.w.org\/{rel}","templated":true}]}}