{"id":706,"date":"2026-02-15T22:48:26","date_gmt":"2026-02-15T22:48:26","guid":{"rendered":"https:\/\/coral-hippopotamus-978874.hostingersite.com\/?post_type=product&#038;p=706"},"modified":"2026-02-15T22:55:43","modified_gmt":"2026-02-15T22:55:43","slug":"palaska-2","status":"publish","type":"product","link":"https:\/\/tugrateks.com.tr\/ar\/product\/palaska-2\/","title":{"rendered":"PALASKA"},"content":{"rendered":"<p>\u00dcr\u00fcn detay a\u00e7\u0131klamas\u0131 bu alana eklenecek.<\/p>","protected":false},"excerpt":{"rendered":"<p>\u00dcr\u00fcn K\u0131sa a\u00e7\u0131klamas\u0131 bu alana eklenecek.<\/p>","protected":false},"featured_media":707,"comment_status":"closed","ping_status":"closed","template":"","meta":[],"product_brand":[],"product_cat":[65],"product_tag":[],"class_list":{"0":"post-706","1":"product","2":"type-product","3":"status-publish","4":"has-post-thumbnail","6":"product_cat-palaska","8":"first","9":"instock","10":"shipping-taxable","11":"product-type-simple"},"_links":{"self":[{"href":"https:\/\/tugrateks.com.tr\/ar\/wp-json\/wp\/v2\/product\/706","targetHints":{"allow":["GET"]}}],"collection":[{"href":"https:\/\/tugrateks.com.tr\/ar\/wp-json\/wp\/v2\/product"}],"about":[{"href":"https:\/\/tugrateks.com.tr\/ar\/wp-json\/wp\/v2\/types\/product"}],"replies":[{"embeddable":true,"href":"https:\/\/tugrateks.com.tr\/ar\/wp-json\/wp\/v2\/comments?post=706"}],"wp:featuredmedia":[{"embeddable":true,"href":"https:\/\/tugrateks.com.tr\/ar\/wp-json\/wp\/v2\/media\/707"}],"wp:attachment":[{"href":"https:\/\/tugrateks.com.tr\/ar\/wp-json\/wp\/v2\/media?parent=706"}],"wp:term":[{"taxonomy":"product_brand","embeddable":true,"href":"https:\/\/tugrateks.com.tr\/ar\/wp-json\/wp\/v2\/product_brand?post=706"},{"taxonomy":"product_cat","embeddable":true,"href":"https:\/\/tugrateks.com.tr\/ar\/wp-json\/wp\/v2\/product_cat?post=706"},{"taxonomy":"product_tag","embeddable":true,"href":"https:\/\/tugrateks.com.tr\/ar\/wp-json\/wp\/v2\/product_tag?post=706"}],"curies":[{"name":"wp","href":"https:\/\/api.w.org\/{rel}","templated":true}]}}