{"id":715,"date":"2026-02-15T23:00:46","date_gmt":"2026-02-15T23:00:46","guid":{"rendered":"https:\/\/coral-hippopotamus-978874.hostingersite.com\/?post_type=product&#038;p=715"},"modified":"2026-02-15T23:58:01","modified_gmt":"2026-02-15T23:58:01","slug":"ozel-harekat-sapka-amir","status":"publish","type":"product","link":"https:\/\/tugrateks.com.tr\/ar\/product\/ozel-harekat-sapka-amir\/","title":{"rendered":"O\u0308ZEL HAREKAT S\u0327APKA AMI\u0307R"},"content":{"rendered":"<p>\u00dcr\u00fcn detay a\u00e7\u0131klamas\u0131 bu alana eklenecek.<\/p>","protected":false},"excerpt":{"rendered":"<p>\u00dcr\u00fcn K\u0131sa a\u00e7\u0131klamas\u0131 bu alana eklenecek.<\/p>","protected":false},"featured_media":716,"comment_status":"closed","ping_status":"closed","template":"","meta":[],"product_brand":[],"product_cat":[68],"product_tag":[],"class_list":{"0":"post-715","1":"product","2":"type-product","3":"status-publish","4":"has-post-thumbnail","6":"product_cat-sapka-bere-2","8":"first","9":"instock","10":"shipping-taxable","11":"product-type-simple"},"_links":{"self":[{"href":"https:\/\/tugrateks.com.tr\/ar\/wp-json\/wp\/v2\/product\/715","targetHints":{"allow":["GET"]}}],"collection":[{"href":"https:\/\/tugrateks.com.tr\/ar\/wp-json\/wp\/v2\/product"}],"about":[{"href":"https:\/\/tugrateks.com.tr\/ar\/wp-json\/wp\/v2\/types\/product"}],"replies":[{"embeddable":true,"href":"https:\/\/tugrateks.com.tr\/ar\/wp-json\/wp\/v2\/comments?post=715"}],"wp:featuredmedia":[{"embeddable":true,"href":"https:\/\/tugrateks.com.tr\/ar\/wp-json\/wp\/v2\/media\/716"}],"wp:attachment":[{"href":"https:\/\/tugrateks.com.tr\/ar\/wp-json\/wp\/v2\/media?parent=715"}],"wp:term":[{"taxonomy":"product_brand","embeddable":true,"href":"https:\/\/tugrateks.com.tr\/ar\/wp-json\/wp\/v2\/product_brand?post=715"},{"taxonomy":"product_cat","embeddable":true,"href":"https:\/\/tugrateks.com.tr\/ar\/wp-json\/wp\/v2\/product_cat?post=715"},{"taxonomy":"product_tag","embeddable":true,"href":"https:\/\/tugrateks.com.tr\/ar\/wp-json\/wp\/v2\/product_tag?post=715"}],"curies":[{"name":"wp","href":"https:\/\/api.w.org\/{rel}","templated":true}]}}