{"id":5212,"date":"2021-08-25T07:26:28","date_gmt":"2021-08-25T07:26:28","guid":{"rendered":"http:\/\/dummy.xtemos.com\/woodmart2\/?page_id=5212"},"modified":"2026-02-17T21:22:25","modified_gmt":"2026-02-17T21:22:25","slug":"hakkimizda","status":"publish","type":"page","link":"https:\/\/tugrateks.com.tr\/en\/hakkimizda\/","title":{"rendered":"About Us"},"content":{"rendered":"<div class=\"wpb-content-wrapper\"><div class=\"vc_row wpb_row vc_row-fluid\"><div class=\"wpb_column vc_column_container vc_col-sm-12\"><div class=\"vc_column-inner\"><div class=\"wpb_wrapper\"><div class=\"vc_empty_space\"   style=\"height: 22px\"><span class=\"vc_empty_space_inner\"><\/span><\/div><\/div><\/div><\/div><\/div><div class=\"vc_row wpb_row vc_row-fluid vc_custom_1771363343370 vc_row-has-fill vc_row-o-content-middle vc_row-flex wd-rs-6994dbf536e71\"><div class=\"wpb_column vc_column_container vc_col-sm-12 vc_col-lg-4 vc_col-md-4 vc_col-xs-12 wd-rs-6125f2fa74bd9\"><div class=\"vc_column-inner vc_custom_1629876989711\"><div class=\"wpb_wrapper\">\n\t\t<div id=\"wd-6994db9775480\" class=\"title-wrapper wd-wpb wd-set-mb reset-last-child  wd-rs-6994db9775480 wd-title-color-primary wd-title-style-default text-left vc_custom_1771363286312 wd-width-enabled wd-underline-colored\" style=\"--wd-max-width: 90%;\">\n\t\t\t\n\t\t\t<div class=\"liner-continer\">\n\t\t\t\t<h4 class=\"woodmart-title-container title  wd-font-weight- wd-fontsize-xxl\" >Our Company's Purpose<\/h4>\n\t\t\t\t\t\t\t<\/div>\n\t\t\t\n\t\t\t\n\t\t\t\n\t\t<\/div>\n\t\t\n\t\t<\/div><\/div><\/div><div class=\"wpb_column vc_column_container vc_col-sm-6 vc_col-lg-offset-0 vc_col-lg-8 vc_col-md-4 wd-rs-6994dbf943f62\"><div class=\"vc_column-inner vc_custom_1771363325851\"><div class=\"wpb_wrapper\">\t\t\t<div class=\"info-box-wrapper\">\n\t\t\t\t<div id=\"wd-6994db300c823\" class=\"wd-rs-6994db300c823 wd-info-box wd-wpb text-left box-icon-align-left box-style- color-scheme- wd-bg-none wd-items-top vc_custom_1771363143165\">\n\t\t\t\t\t\t\t\t\t\t<div class=\"info-box-content\">\n\t\t\t\t\t\t\t\t\t\t\t\t<div class=\"info-box-inner reset-last-child\"><p>The main purpose of our company is to closely follow the Turkish and world textile sector to produce the highest quality and most technological products; to market these products domestically and internationally, and to continue our activities in a continuously growing and developing structure.<\/p>\n<\/div>\n\n\t\t\t\t\t\t\t\t\t\t\t<\/div>\n\n\t\t\t\t\t\t\t\t\t\t\t<a class=\"wd-info-box-link wd-fill\" aria-label=\"Infobox link\" href=\"#\" title=\"\"><\/a>\n\t\t\t\t\t\n\t\t\t\t\t<style><\/style>\t\t\t\t<\/div>\n\t\t\t<\/div>\n\t\t<\/div><\/div><\/div><\/div><div class=\"vc_row wpb_row vc_row-fluid\"><div class=\"wpb_column vc_column_container vc_col-sm-6\"><div class=\"vc_column-inner vc_custom_1615617895716\"><div class=\"wpb_wrapper\">\n\t\t<div id=\"wd-6994da8a0f9d7\" class=\"title-wrapper wd-wpb wd-set-mb reset-last-child  wd-rs-6994da8a0f9d7 wd-title-color-default wd-title-style-default text-left vc_custom_1771362957097 wd-underline-colored\">\n\t\t\t\n\t\t\t<div class=\"liner-continer\">\n\t\t\t\t<h4 class=\"woodmart-title-container title  wd-font-weight- wd-fontsize-l\" >Our Mission<\/h4>\n\t\t\t\t\t\t\t<\/div>\n\t\t\t\n\t\t\t\n\t\t\t\n\t\t<\/div>\n\t\t\n\t\t\t\t<div id=\"wd-6994da8e805d8\" class=\"wd-text-block wd-wpb reset-last-child wd-rs-6994da8e805d8 text-left wd-width-custom wd-fontsize-s\">\n\t\t\t<p>To produce high-quality products in the textile sector, to aim for the highest level of customer satisfaction, and to develop and offer solutions based on advanced technology.<\/p>\n\t\t<\/div>\n\t\t<\/div><\/div><\/div><div class=\"wpb_column vc_column_container vc_col-sm-6 wd-rs-6125f363cf509\"><div class=\"vc_column-inner vc_custom_1629877093976\"><div class=\"wpb_wrapper\">\n\t\t<div id=\"wd-6994da7f9a934\" class=\"title-wrapper wd-wpb wd-set-mb reset-last-child  wd-rs-6994da7f9a934 wd-title-color-default wd-title-style-default text-left vc_custom_1771362982047 wd-underline-colored\">\n\t\t\t\n\t\t\t<div class=\"liner-continer\">\n\t\t\t\t<h4 class=\"woodmart-title-container title  wd-font-weight- wd-fontsize-l\" >Our Vision<\/h4>\n\t\t\t\t\t\t\t<\/div>\n\t\t\t\n\t\t\t\n\t\t\t\n\t\t<\/div>\n\t\t\n\t\t\t\t<div id=\"wd-6994dab0965e5\" class=\"wd-text-block wd-wpb reset-last-child wd-rs-6994dab0965e5 text-left wd-width-custom wd-fontsize-s\">\n\t\t\t<p>To be a leading company in textile and ready-to-wear clothing based on knowledge and experience, offering high-quality solutions; constantly developing, closely following innovations, and having a strong professional infrastructure.<\/p>\n<p>In the past, we have met the textile and ready-to-wear clothing needs of many public institutions and organizations, providing services at the required technological and technical standards. At the same time, we have met the demands of large-scale private sector companies and carried out export activities abroad.<\/p>\n\t\t<\/div>\n\t\t<\/div><\/div><\/div><\/div>\n<\/div>","protected":false},"excerpt":{"rendered":"Firmam\u0131z\u0131n Amac\u0131 Firmam\u0131z\u0131n temel amac\u0131, T\u00fcrkiye ve d\u00fcnya tekstil sekt\u00f6r\u00fcn\u00fc yak\u0131ndan takip ederek en kaliteli ve en teknolojik \u00fcr\u00fcnleri \u00fcretmek;","protected":false},"author":1,"featured_media":0,"parent":0,"menu_order":0,"comment_status":"closed","ping_status":"closed","template":"","meta":{"footnotes":""},"class_list":["post-5212","page","type-page","status-publish","hentry"],"_links":{"self":[{"href":"https:\/\/tugrateks.com.tr\/en\/wp-json\/wp\/v2\/pages\/5212","targetHints":{"allow":["GET"]}}],"collection":[{"href":"https:\/\/tugrateks.com.tr\/en\/wp-json\/wp\/v2\/pages"}],"about":[{"href":"https:\/\/tugrateks.com.tr\/en\/wp-json\/wp\/v2\/types\/page"}],"author":[{"embeddable":true,"href":"https:\/\/tugrateks.com.tr\/en\/wp-json\/wp\/v2\/users\/1"}],"replies":[{"embeddable":true,"href":"https:\/\/tugrateks.com.tr\/en\/wp-json\/wp\/v2\/comments?post=5212"}],"version-history":[{"count":9,"href":"https:\/\/tugrateks.com.tr\/en\/wp-json\/wp\/v2\/pages\/5212\/revisions"}],"predecessor-version":[{"id":5571,"href":"https:\/\/tugrateks.com.tr\/en\/wp-json\/wp\/v2\/pages\/5212\/revisions\/5571"}],"wp:attachment":[{"href":"https:\/\/tugrateks.com.tr\/en\/wp-json\/wp\/v2\/media?parent=5212"}],"curies":[{"name":"wp","href":"https:\/\/api.w.org\/{rel}","templated":true}]}}