{"id":5585,"date":"2026-02-18T09:32:35","date_gmt":"2026-02-18T09:32:35","guid":{"rendered":"https:\/\/coral-hippopotamus-978874.hostingersite.com\/?page_id=5585"},"modified":"2026-02-18T09:37:45","modified_gmt":"2026-02-18T09:37:45","slug":"cerez-politikasi","status":"publish","type":"page","link":"https:\/\/tugrateks.com.tr\/en\/cerez-politikasi\/","title":{"rendered":"Cookie Policy"},"content":{"rendered":"<div class=\"wpb-content-wrapper\"><div class=\"vc_row wpb_row vc_row-fluid\"><div class=\"wpb_column vc_column_container vc_col-sm-12\"><div class=\"vc_column-inner\"><div class=\"wpb_wrapper\">\n\t<div class=\"wpb_text_column wpb_content_element\" >\n\t\t<div class=\"wpb_wrapper\">\n\t\t\t<p><strong>\u00c7EREZ POL\u0130T\u0130KASI<\/strong><\/p>\n<p><strong>\u00a0<\/strong><\/p>\n<p>Sizleri \u201cTu\u011fra Tekstil\u201d ailesi olarak internet sitemizde kullan\u0131lan \u00e7erez t\u00fcrleri, \u00e7erezlerin kullan\u0131m ama\u00e7lar\u0131 ve bu \u00e7erezlerin ayarlar\u0131, y\u00f6netilmesi ve silinmesi hakk\u0131nda bilgilendirmek isteriz.<\/p>\n<p>\u0130nternet sitemizi herhangi bir \u015fahsi bilgi vermeden ziyaret etmeniz m\u00fcmk\u00fcn olmakla birlikte, sizlere \u015fimdi ve gelecekte daha iyi bir hizmet sunmak ad\u0131na \u00e7erezlerden yard\u0131m almaktay\u0131z. Bu kapsamda ilgili politika, sizleri bu \u00e7erezler hakk\u0131nda bilgi sahibi yapmak, hangi \u00e7erezleri kulland\u0131\u011f\u0131m\u0131z\u0131 belirtmek ve bu \u00e7erezleri sizlerin nas\u0131l silece\u011fi konusunda bilgilendirmek ad\u0131na yazmaktay\u0131z.<\/p>\n<p><strong>\u00c7erezler Hakk\u0131nda Genel Bilgi<\/strong><\/p>\n<p>Taray\u0131c\u0131n\u0131z ile internette gezdi\u011finiz s\u0131rada, internet sitelerinin cihaz\u0131n\u0131za yerle\u015ftirdi\u011fi k\u00fc\u00e7\u00fck metin dosyalar\u0131d\u0131r. \u00c7erezler, internet taray\u0131c\u0131n\u0131z sayesinde i\u015flenir ve saklan\u0131r. Kendi i\u00e7lerinde \u00e7erezler, internet siteleri i\u00e7in \u00f6nemli bir rol oynamakla birlikte, zarars\u0131zlard\u0131r. \u00c7erezler ayn\u0131 zamanda kolay bir \u015fekilde g\u00f6r\u00fcnt\u00fclenebilir ve silinebilir. Bununla birlikte, \u00e7erezler sizin r\u0131zan\u0131z olmadan sizi tan\u0131mlayabilecek bir potansiyele sahiptir.<\/p>\n<p><strong>\u00c7erezlerin T\u00fcrleri ve Ama\u00e7lar\u0131<\/strong><\/p>\n<p>Genel olarak \u00e7erezleri 3 farkl\u0131 \u015fekilde s\u0131n\u0131fland\u0131rabiliriz: Hangi ama\u00e7larla kullan\u0131ld\u0131klar\u0131, Ne kadar s\u00fcre durduklar\u0131 ve son olarak Kaynaklar\u0131<\/p>\n<table width=\"718\">\n<tbody>\n<tr>\n<td rowspan=\"2\"><strong>S\u00fcrelerine G\u00f6re<\/strong><\/td>\n<td><strong>Oturum \u00c7erezleri:<\/strong> Bu \u00e7erezler ge\u00e7icidir ve siz taray\u0131c\u0131n\u0131z\u0131 kapatt\u0131\u011f\u0131n\u0131zda yok olurlar. (Veya oturumunuz sona erdi\u011finde)<\/td>\n<\/tr>\n<tr>\n<td><strong>Devaml\u0131 \u00c7erezler:<\/strong> Bu kategori, \u00e7erezin biti\u015f tarihine g\u00f6re de\u011fi\u015fmekle birlikte, hard diskinizde siz veya taray\u0131c\u0131n\u0131z silene kadar kalan \u00e7erezleri kapsamaktad\u0131r. T\u00fcm devaml\u0131 \u00e7erezlerin kodlar\u0131nda biti\u015f tarihleri yaz\u0131l\u0131d\u0131r ancak bunun s\u00fcreleri de\u011fi\u015febilmektedir. AB Hukukuna g\u00f6re 12 aydan fazla olmamak zorundad\u0131r ancak pratikte daha fazla s\u00fcrebildikleri g\u00f6r\u00fclmektedir.<\/td>\n<\/tr>\n<tr>\n<td rowspan=\"2\"><strong>Kaynaklar\u0131na G\u00f6re<\/strong><\/td>\n<td><strong>Birinci Taraf \u00c7erezleri: <\/strong>\u0130sminden de anla\u015f\u0131ld\u0131\u011f\u0131 \u00fczere, direkt ziyaret edilen internet sitesi taraf\u0131ndan koyulan \u00e7erezlerdir.<\/td>\n<\/tr>\n<tr>\n<td><strong>\u00dc\u00e7\u00fcnc\u00fc Taraf \u00c7erezleri: <\/strong>Bu \u00e7erezler ziyaret etti\u011finiz internet sitesi taraf\u0131ndan de\u011fil, bir reklamc\u0131, analitik sistem gibi \u00fc\u00e7\u00fcnc\u00fc bir taraf taraf\u0131ndan cihaz\u0131n\u0131za yerle\u015ftirilen \u00e7erezlerdir.<\/td>\n<\/tr>\n<tr>\n<td rowspan=\"3\"><strong>Ama\u00e7lar\u0131na G\u00f6re <\/strong><\/td>\n<td><strong>Zorunlu \u00c7erezler: <\/strong>Bu \u00e7erezler internet sitesini kullanman\u0131z, siteye g\u00fcvenli giri\u015f yapman\u0131z gibi farkl\u0131 \u00f6zelliklerden yararlanabilmeniz i\u00e7in \u00e7ok m\u00fchimdir. Bu \u00e7erezler genellikle birinci taraf \u00e7erezleri olmaktad\u0131r. Bu tarz \u00e7erezler i\u00e7in r\u0131za al\u0131nmas\u0131 aranmamakla birlikte, ne yapt\u0131klar\u0131 ve neden gerekli olduklar\u0131n\u0131n a\u00e7\u0131klanmas\u0131 gerekmektedir.<\/td>\n<\/tr>\n<tr>\n<td><strong>Tercih \u00c7erezleri (\u0130\u015flevsellik \u00c7erezleri): <\/strong>Bu \u00e7erezler hangi dili tercih etti\u011finiz, hava durumunu hangi \u015fehir i\u00e7in merak etti\u011finiz veya otomatik olarak giri\u015f yapman\u0131z\u0131 sa\u011flamak i\u00e7in kullan\u0131c\u0131 ad\u0131 ve \u015fifreniz gibi daha \u00f6nce internet sitesi \u00fczerinde yapm\u0131\u015f oldu\u011funuz tercihleri hat\u0131rlayan \u00e7erezlerdir.<\/td>\n<\/tr>\n<tr>\n<td><strong>\u0130statistik \u00c7erezleri (Performans \u00c7erezleri): <\/strong>Bu \u00e7erezler, hangi sayfalar\u0131 ziyaret etti\u011finiz, hangi linklere t\u0131klad\u0131\u011f\u0131n\u0131z gibi internet sitesini nas\u0131l kulland\u0131\u011f\u0131n\u0131za dair bilgi toplayan \u00e7erezlerdir. Bu bilgilerden hi\u00e7biri sizi tan\u0131mlamakta kullan\u0131lamaz. Bu \u00e7erezlerin hepsi birle\u015ftirilmi\u015f ve b\u00f6ylelikle anonimle\u015ftirilmi\u015ftir. Tek ama\u00e7lar\u0131 internet sitesinin i\u015flevselli\u011fini art\u0131rmakt\u0131r.<\/td>\n<\/tr>\n<\/tbody>\n<\/table>\n<p>&nbsp;<\/p>\n<p><strong>\u00c7erezlerin Kontrol\u00fcn\u00fc Sa\u011flamak<\/strong><\/p>\n<p>Gerek bizim internet sitemiz taraf\u0131ndan kaynaklanan \u00e7erezler, gerek di\u011fer herhangi bir kaynakl\u0131 \u00e7erezleri bilgisayar\u0131n\u0131zdan \u00e7ok kolay bir \u015fekilde silebilir ve gelecek i\u00e7in herhangi bir \u00e7erezin kaydedilmesini\/ yerle\u015ftirilmesini engelleyebilirsiniz.<\/p>\n<p>\u00c7erezleri her taray\u0131c\u0131da farkl\u0131 bir y\u00f6ntem ile silebilme imkan\u0131na sahip oldu\u011funuz i\u00e7in burada sadece belirli taray\u0131c\u0131lar \u00e7erez ayarlar\u0131n\u0131 nas\u0131l kontrol edebilece\u011finiz tarif edilecektir. Bununla birlikte herhangi bir taray\u0131c\u0131da yard\u0131m men\u00fcs\u00fcnden bu konuda bilgi alabilirsiniz.<\/p>\n<table width=\"718\">\n<tbody>\n<tr>\n<td><strong>Google Chrome<\/strong><\/td>\n<td><strong>1. <\/strong>Chrome Taray\u0131c\u0131n\u0131zda sa\u011f \u00fcst tarafta bulunan \u00fcst \u00fcste 3 nokta bulunan simgeye t\u0131klay\u0131n.<\/p>\n<p><strong>2. <\/strong>A\u00e7\u0131lan se\u00e7eneklerden, ayarlara t\u0131klay\u0131n.<\/p>\n<p><strong>3.<\/strong> A\u00e7\u0131lan sayfada sol tarafta bulunan \u201cgizlilik ve g\u00fcvenlik\u201d sekmesine t\u0131klay\u0131n.<\/p>\n<p><strong>4.<\/strong> \u00c7erezler ve Di\u011fer Site Verilerine t\u0131klay\u0131n.<\/p>\n<p><strong>5.<\/strong> Buradan \u00e7\u0131kan se\u00e7enekler ile \u00e7erezlerinizi kontrol edebilirsiniz.<\/td>\n<\/tr>\n<tr>\n<td><strong>Microsoft Edge<\/strong><\/td>\n<td><strong>1. <\/strong>Edge taray\u0131c\u0131n\u0131zda, sa\u011f \u00fcst tarafta bulunan \u00fcst \u00fcste 3 nokta bulunan simgeye t\u0131klay\u0131n.<\/p>\n<p><strong>2. <\/strong>A\u00e7\u0131lan se\u00e7eneklerden ayarlara t\u0131klay\u0131n.<\/p>\n<p><strong>3. <\/strong>A\u00e7\u0131lan sayfada sol tarafta bulunan \u201cgizlilik, arama ve hizmetler\u201d sekmesine t\u0131klay\u0131n.<\/p>\n<p><strong>4. <\/strong>Buradan \u00e7\u0131kan se\u00e7enekler ile \u00e7erezlerinizi kontrol edebilirsiniz.<\/td>\n<\/tr>\n<tr>\n<td><strong>Mozilla Firefox<\/strong><\/td>\n<td><strong>1. <\/strong>Firefox taray\u0131c\u0131n\u0131zdaki, men\u00fc d\u00fc\u011fmesine t\u0131klay\u0131n.<\/p>\n<p><strong>2. <\/strong>A\u00e7\u0131lan se\u00e7eneklerden ayarlara t\u0131klay\u0131n.<\/p>\n<p><strong>3.<\/strong> A\u00e7\u0131lan sayfadan \u201cgizlilik\u201d sekmesine t\u0131klay\u0131n.<\/p>\n<p><strong>4. <\/strong>Buradan \u00e7\u0131kan se\u00e7enekler ile \u00e7erezlerinizi kontrol edebilirsiniz.<\/td>\n<\/tr>\n<\/tbody>\n<\/table>\n<p><strong>\u0130nternet Sitemizde Yer verdi\u011fimiz \u00c7erezler<\/strong><\/p>\n<table>\n<tbody>\n<tr>\n<td width=\"140\"><strong>Servis Sa\u011flay\u0131c\u0131<\/strong><\/td>\n<td width=\"115\"><strong>\u0130smi<\/strong><\/td>\n<td width=\"116\"><strong>S\u00fcresi<\/strong><\/td>\n<td width=\"115\"><strong>Tipi<\/strong><\/td>\n<td width=\"118\"><strong>Kullan\u0131m Amac\u0131<\/strong><\/td>\n<\/tr>\n<tr>\n<td width=\"140\"><strong>.tugrateks.com.tr<\/strong><\/td>\n<td width=\"115\"><strong>_ga<\/strong><\/td>\n<td width=\"116\"><strong>\u00a0<\/strong><\/td>\n<td width=\"115\"><strong>\u00a0<\/strong><\/td>\n<td width=\"118\"><strong>\u00a0<\/strong><\/td>\n<\/tr>\n<tr>\n<td width=\"140\"><strong>.tugrateks.com.tr<\/strong><\/td>\n<td width=\"115\"><strong>_gid<\/strong><\/td>\n<td width=\"116\"><strong>\u00a0<\/strong><\/td>\n<td width=\"115\"><strong>\u00a0<\/strong><\/td>\n<td width=\"118\"><strong>\u00a0<\/strong><\/td>\n<\/tr>\n<tr>\n<td width=\"140\"><strong>.tugrateks.com.tr<\/strong><\/td>\n<td width=\"115\"><strong>_gat_gtag_UA_144933210_16<\/strong><\/td>\n<td width=\"116\"><strong>\u00a0<\/strong><\/td>\n<td width=\"115\"><strong>\u00a0<\/strong><\/td>\n<td width=\"118\"><strong>\u00a0<\/strong><\/td>\n<\/tr>\n<tr>\n<td width=\"140\"><strong>.tugrateks.com.tr<\/strong><\/td>\n<td width=\"115\"><strong>ASP.NET_SessionId<\/strong><\/td>\n<td width=\"116\"><strong>\u00a0<\/strong><\/td>\n<td width=\"115\"><strong>\u00a0<\/strong><\/td>\n<td width=\"118\"><strong>\u00a0<\/strong><\/td>\n<\/tr>\n<\/tbody>\n<\/table>\n<p><strong>\u00a0<\/strong><\/p>\n<p><strong>Verilerin Korunmas\u0131na Dair<\/strong><\/p>\n<p>Tu\u011fra Tekstil ailesi olarak, ki\u015fisel verilerin ne kadar hassas bir konu oldu\u011funu anlamak ile birlikte, gerekli idari ve teknik tedbirler bu do\u011frultuda al\u0131nm\u0131\u015ft\u0131r. \u0130lgili tedbirlerimiz y\u00fcr\u00fcrl\u00fckteki mevzuata ve Ki\u015fisel Verileri Koruma Kurul kararlar\u0131na uygun olmakla birlikte, VERB\u0130S\u2019e bildirdi\u011fimiz \u201cKi\u015fisel Veri Envanterinde\u201d s\u0131ralanm\u0131\u015ft\u0131r.<\/p>\n<p><strong>\u0130leti\u015fim \u0130\u00e7in<\/strong><\/p>\n<p>Politika ile ilgili herhangi bir soru veya g\u00f6r\u00fc\u015f\u00fcn\u00fcz i\u00e7in l\u00fctfen info@tugrateks.com.tr mail adresinden bizim ile ileti\u015fime ge\u00e7in.<\/p>\n<p>Bu \u00c7erez Politikas\u0131 &#8230;\/..\/\u2026. tarihinde g\u00fcncellenmi\u015ftir.<\/p>\n\n\t\t<\/div>\n\t<\/div>\n<\/div><\/div><\/div><\/div>\n<\/div>","protected":false},"excerpt":{"rendered":"\u00c7EREZ POL\u0130T\u0130KASI \u00a0 Sizleri \u201cTu\u011fra Tekstil\u201d ailesi olarak internet sitemizde kullan\u0131lan \u00e7erez t\u00fcrleri, \u00e7erezlerin kullan\u0131m ama\u00e7lar\u0131 ve bu \u00e7erezlerin ayarlar\u0131,","protected":false},"author":1,"featured_media":0,"parent":0,"menu_order":0,"comment_status":"closed","ping_status":"closed","template":"","meta":{"footnotes":""},"class_list":["post-5585","page","type-page","status-publish","hentry"],"_links":{"self":[{"href":"https:\/\/tugrateks.com.tr\/en\/wp-json\/wp\/v2\/pages\/5585","targetHints":{"allow":["GET"]}}],"collection":[{"href":"https:\/\/tugrateks.com.tr\/en\/wp-json\/wp\/v2\/pages"}],"about":[{"href":"https:\/\/tugrateks.com.tr\/en\/wp-json\/wp\/v2\/types\/page"}],"author":[{"embeddable":true,"href":"https:\/\/tugrateks.com.tr\/en\/wp-json\/wp\/v2\/users\/1"}],"replies":[{"embeddable":true,"href":"https:\/\/tugrateks.com.tr\/en\/wp-json\/wp\/v2\/comments?post=5585"}],"version-history":[{"count":5,"href":"https:\/\/tugrateks.com.tr\/en\/wp-json\/wp\/v2\/pages\/5585\/revisions"}],"predecessor-version":[{"id":5590,"href":"https:\/\/tugrateks.com.tr\/en\/wp-json\/wp\/v2\/pages\/5585\/revisions\/5590"}],"wp:attachment":[{"href":"https:\/\/tugrateks.com.tr\/en\/wp-json\/wp\/v2\/media?parent=5585"}],"curies":[{"name":"wp","href":"https:\/\/api.w.org\/{rel}","templated":true}]}}