{"id":532,"date":"2026-02-11T21:30:13","date_gmt":"2026-02-11T21:30:13","guid":{"rendered":"https:\/\/coral-hippopotamus-978874.hostingersite.com\/?post_type=product&#038;p=532"},"modified":"2026-02-11T22:50:41","modified_gmt":"2026-02-11T22:50:41","slug":"jandarma-operasyon-tisort","status":"publish","type":"product","link":"https:\/\/tugrateks.com.tr\/en\/product\/jandarma-operasyon-tisort\/","title":{"rendered":"Gendarmerie Operation T-shirt"},"content":{"rendered":"<p>\u00dcr\u00fcn detay a\u00e7\u0131klamas\u0131 bu alana eklenecek.<\/p>","protected":false},"excerpt":{"rendered":"<p>\u00dcr\u00fcn K\u0131sa a\u00e7\u0131klamas\u0131 bu alana eklenecek.<\/p>","protected":false},"featured_media":533,"comment_status":"closed","ping_status":"closed","template":"","meta":[],"product_brand":[],"product_cat":[54],"product_tag":[],"class_list":{"0":"post-532","1":"product","2":"type-product","3":"status-publish","4":"has-post-thumbnail","6":"product_cat-jandarma","8":"first","9":"instock","10":"shipping-taxable","11":"product-type-simple"},"_links":{"self":[{"href":"https:\/\/tugrateks.com.tr\/en\/wp-json\/wp\/v2\/product\/532","targetHints":{"allow":["GET"]}}],"collection":[{"href":"https:\/\/tugrateks.com.tr\/en\/wp-json\/wp\/v2\/product"}],"about":[{"href":"https:\/\/tugrateks.com.tr\/en\/wp-json\/wp\/v2\/types\/product"}],"replies":[{"embeddable":true,"href":"https:\/\/tugrateks.com.tr\/en\/wp-json\/wp\/v2\/comments?post=532"}],"wp:featuredmedia":[{"embeddable":true,"href":"https:\/\/tugrateks.com.tr\/en\/wp-json\/wp\/v2\/media\/533"}],"wp:attachment":[{"href":"https:\/\/tugrateks.com.tr\/en\/wp-json\/wp\/v2\/media?parent=532"}],"wp:term":[{"taxonomy":"product_brand","embeddable":true,"href":"https:\/\/tugrateks.com.tr\/en\/wp-json\/wp\/v2\/product_brand?post=532"},{"taxonomy":"product_cat","embeddable":true,"href":"https:\/\/tugrateks.com.tr\/en\/wp-json\/wp\/v2\/product_cat?post=532"},{"taxonomy":"product_tag","embeddable":true,"href":"https:\/\/tugrateks.com.tr\/en\/wp-json\/wp\/v2\/product_tag?post=532"}],"curies":[{"name":"wp","href":"https:\/\/api.w.org\/{rel}","templated":true}]}}