{"id":773,"date":"2026-02-16T00:01:29","date_gmt":"2026-02-16T00:01:29","guid":{"rendered":"https:\/\/coral-hippopotamus-978874.hostingersite.com\/?post_type=product&#038;p=773"},"modified":"2026-02-16T00:06:39","modified_gmt":"2026-02-16T00:06:39","slug":"ozel-harekat-soguk-iklim-parka","status":"publish","type":"product","link":"https:\/\/tugrateks.com.tr\/en\/product\/ozel-harekat-soguk-iklim-parka\/","title":{"rendered":"O\u0308ZEL HAREKAT SOG\u0306UK I\u0307KLI\u0307M PARKA"},"content":{"rendered":"<p>\u00dcr\u00fcn detay a\u00e7\u0131klamas\u0131 bu alana eklenecek.<\/p>","protected":false},"excerpt":{"rendered":"<p>\u00dcr\u00fcn K\u0131sa a\u00e7\u0131klamas\u0131 bu alana eklenecek.<\/p>","protected":false},"featured_media":774,"comment_status":"closed","ping_status":"closed","template":"","meta":[],"product_brand":[],"product_cat":[57],"product_tag":[],"class_list":{"0":"post-773","1":"product","2":"type-product","3":"status-publish","4":"has-post-thumbnail","6":"product_cat-ozel-harekat","8":"first","9":"instock","10":"shipping-taxable","11":"product-type-simple"},"_links":{"self":[{"href":"https:\/\/tugrateks.com.tr\/en\/wp-json\/wp\/v2\/product\/773","targetHints":{"allow":["GET"]}}],"collection":[{"href":"https:\/\/tugrateks.com.tr\/en\/wp-json\/wp\/v2\/product"}],"about":[{"href":"https:\/\/tugrateks.com.tr\/en\/wp-json\/wp\/v2\/types\/product"}],"replies":[{"embeddable":true,"href":"https:\/\/tugrateks.com.tr\/en\/wp-json\/wp\/v2\/comments?post=773"}],"wp:featuredmedia":[{"embeddable":true,"href":"https:\/\/tugrateks.com.tr\/en\/wp-json\/wp\/v2\/media\/774"}],"wp:attachment":[{"href":"https:\/\/tugrateks.com.tr\/en\/wp-json\/wp\/v2\/media?parent=773"}],"wp:term":[{"taxonomy":"product_brand","embeddable":true,"href":"https:\/\/tugrateks.com.tr\/en\/wp-json\/wp\/v2\/product_brand?post=773"},{"taxonomy":"product_cat","embeddable":true,"href":"https:\/\/tugrateks.com.tr\/en\/wp-json\/wp\/v2\/product_cat?post=773"},{"taxonomy":"product_tag","embeddable":true,"href":"https:\/\/tugrateks.com.tr\/en\/wp-json\/wp\/v2\/product_tag?post=773"}],"curies":[{"name":"wp","href":"https:\/\/api.w.org\/{rel}","templated":true}]}}